{"id":112,"date":"2020-02-20T07:18:18","date_gmt":"2020-02-20T07:18:18","guid":{"rendered":"http:\/\/hoeffler.org\/?page_id=112"},"modified":"2026-01-01T06:43:26","modified_gmt":"2026-01-01T06:43:26","slug":"ma-8","status":"publish","type":"page","link":"https:\/\/lemika.de\/?page_id=112","title":{"rendered":"Ma 8"},"content":{"rendered":"\n<p><strong>Grundlagen aus Klasse 7<\/strong> (hilfsmittelfrei)<\/p>\n\n\n\n<ol class=\"wp-block-list\">\n<li><a href=\"https:\/\/www.geogebra.org\/m\/aw8vc7tj\">Zusammenfassen zweier ganzer Zahlen<\/a> (<a href=\"https:\/\/www.youtube.com\/watch?v=OGFNFNWv18g\">zum Erkl\u00e4rvideo<\/a>)<\/li>\n\n\n\n<li><a href=\"https:\/\/www.geogebra.org\/m\/pmydeyek\">Addieren und Subtrahieren zweier ganzer Zahlen<\/a> (<a href=\"https:\/\/www.geogebra.org\/m\/zt7khqsr\">Anleitung<\/a>)<\/li>\n\n\n\n<li><a href=\"https:\/\/www.geogebra.org\/m\/k4sfxqqz\" target=\"_blank\" rel=\"noreferrer noopener\">Multiplizieren zweier ganzer Zahlen<\/a> (<a href=\"https:\/\/www.geogebra.org\/m\/z5xaqgcg\">Anleitung<\/a>)<\/li>\n\n\n\n<li><a href=\"https:\/\/www.geogebra.org\/m\/udqmxkrv\" target=\"_blank\" rel=\"noreferrer noopener\">Dividieren ganzer Zahlen<\/a> (<a href=\"https:\/\/www.geogebra.org\/m\/z5xaqgcg\">Anleitung<\/a>)<\/li>\n\n\n\n<li><a href=\"https:\/\/www.geogebra.org\/m\/mquecrq6\">L\u00f6sen von Gleichungen<\/a> Level I (<a href=\"https:\/\/www.youtube.com\/watch?v=i75dRC3iMdU\">zum Erkl\u00e4rvideo<\/a>)<\/li>\n\n\n\n<li><a href=\"https:\/\/www.geogebra.org\/m\/qdmg5ehg\">L\u00f6sen von Gleichungen<\/a>&nbsp;(Level II) (<a href=\"https:\/\/www.youtube.com\/watch?v=sxHO1fC5r5E\">zum Erkl\u00e4rvideo<\/a>)<\/li>\n\n\n\n<li><a href=\"https:\/\/www.geogebra.org\/m\/uazetnhn\">L\u00f6sen von Gleichungen<\/a>&nbsp;(Level III) (<a href=\"https:\/\/www.youtube.com\/watch?v=jB4ghzV2Qp8\">zum Erkl\u00e4rvideo<\/a>)<\/li>\n<\/ol>\n\n\n\n<p><strong>Basiswissen 8<\/strong><\/p>\n\n\n\n<ol class=\"wp-block-list\">\n<li><a href=\"https:\/\/www.geogebra.org\/m\/cx3ntwrx\">\u00dcbung1 (Bruchrechnen, Rechnen mit Vorzeichen, Lineare Funktionen)<\/a><\/li>\n<\/ol>\n\n\n\n<p><strong>T\u00e4gliche \u00dcbungen<\/strong><\/p>\n\n\n\n<div class=\"wp-block-columns is-layout-flex wp-container-core-columns-is-layout-28f84493 wp-block-columns-is-layout-flex\">\n<div class=\"wp-block-column is-layout-flow wp-block-column-is-layout-flow\">\n<ol class=\"wp-block-list\">\n<li><a rel=\"noreferrer noopener\" href=\"https:\/\/www.geogebra.org\/m\/zgzs5hym\" target=\"_blank\">T\u00dc 07_01<\/a><\/li>\n\n\n\n<li><a rel=\"noreferrer noopener\" href=\"https:\/\/www.geogebra.org\/m\/yffqajbh\" target=\"_blank\">T\u00dc 07_02<\/a><\/li>\n\n\n\n<li><a rel=\"noreferrer noopener\" href=\"https:\/\/www.geogebra.org\/m\/una9cdcq\" target=\"_blank\">T\u00dc 07_03<\/a><\/li>\n\n\n\n<li><a rel=\"noreferrer noopener\" href=\"https:\/\/www.geogebra.org\/m\/rx93b2xx\" target=\"_blank\">T\u00dc 07_04<\/a><\/li>\n\n\n\n<li><a rel=\"noreferrer noopener\" href=\"https:\/\/www.geogebra.org\/m\/npuq9ddn\" target=\"_blank\">T\u00dc 07_05<\/a><\/li>\n\n\n\n<li><a rel=\"noreferrer noopener\" href=\"https:\/\/www.geogebra.org\/m\/nnamayex\" target=\"_blank\">T\u00dc 07_06<\/a><\/li>\n\n\n\n<li><a rel=\"noreferrer noopener\" href=\"https:\/\/www.geogebra.org\/m\/gaz65gne\" target=\"_blank\">T\u00dc 07_07<\/a><\/li>\n\n\n\n<li><a rel=\"noreferrer noopener\" href=\"https:\/\/www.geogebra.org\/m\/gaz65gne\" target=\"_blank\">T\u00dc 07_08<\/a><\/li>\n<\/ol>\n<\/div>\n\n\n\n<div class=\"wp-block-column is-layout-flow wp-block-column-is-layout-flow\">\n<ol class=\"wp-block-list\">\n<li><a rel=\"noreferrer noopener\" href=\"https:\/\/www.geogebra.org\/m\/esjmzkvv\" target=\"_blank\">T\u00dc 08_01<\/a><\/li>\n\n\n\n<li><a rel=\"noreferrer noopener\" href=\"https:\/\/www.geogebra.org\/m\/t9acyqzm\" target=\"_blank\">T\u00dc 08_02<\/a><\/li>\n<\/ol>\n<\/div>\n<\/div>\n\n\n\n<p><strong>Arbeit mit Termen und Gleichungen<\/strong><\/p>\n\n\n\n<ol class=\"wp-block-list\">\n<li><a rel=\"noreferrer noopener\" href=\"https:\/\/www.geogebra.org\/m\/q7jq5ez9\" target=\"_blank\">Quadratzahlen aus einer anderen Perspektive<\/a><\/li>\n\n\n\n<li><a href=\"https:\/\/www.geogebra.org\/m\/bz8fbg3f\">\u00dc Erkennen von Quadratzahlen<\/a><\/li>\n\n\n\n<li><a href=\"https:\/\/www.geogebra.org\/m\/veq2hpjd\">Mustertest Quadratzahlen<\/a> <\/li>\n\n\n\n<li><a href=\"https:\/\/www.geogebra.org\/m\/sjtbbgfz\">Kopfrechnen: Quadratwurzeln zwischen 100 und 10000<\/a><\/li>\n\n\n\n<li><a rel=\"noreferrer noopener\" aria-label=\"Magische Quadrate (\u00f6ffnet in neuem Tab)\" href=\"https:\/\/www.geogebra.org\/m\/epfbhun8\" target=\"_blank\">Magische Quadrate<\/a><\/li>\n\n\n\n<li><a rel=\"noreferrer noopener\" aria-label=\"Magisches Quadrat (\u00f6ffnet in neuem Tab)\" href=\"https:\/\/www.geogebra.org\/m\/xvtnvtjd\" target=\"_blank\">Magisches Quadrat<\/a><\/li>\n\n\n\n<li><a rel=\"noreferrer noopener\" href=\"https:\/\/www.geogebra.org\/m\/bsbrnhyk\" target=\"_blank\">\u00dc Ausmultiplizieren<\/a><\/li>\n\n\n\n<li><a rel=\"noreferrer noopener\" aria-label=\"\u00dc Ausmultiplizieren (\u00f6ffnet in neuem Tab)\" href=\"https:\/\/www.geogebra.org\/m\/nwkwcfey\" target=\"_blank\">\u00dc Multiplizieren von Summen<\/a> <\/li>\n\n\n\n<li><a href=\"https:\/\/www.geogebra.org\/m\/cnwwqcsk\">\u00dc Fl\u00e4chen mithilfe von Termen beschreiben<\/a> (noch nicht fertig)<\/li>\n\n\n\n<li><a rel=\"noreferrer noopener\" aria-label=\"\u00dc Faktorisieren\/Ausklammern (\u00f6ffnet in neuem Tab)\" href=\"https:\/\/www.geogebra.org\/m\/da9qs6am\" target=\"_blank\">\u00dc Faktorisieren\/Ausklammern<\/a><\/li>\n\n\n\n<li><a rel=\"noreferrer noopener\" aria-label=\"\u00dc Kopfrechenspa\u00df (\u00f6ffnet in neuem Tab)\" href=\"https:\/\/www.geogebra.org\/m\/n2ayj2q9\" target=\"_blank\">\u00dc Kopfrechenspa\u00df<\/a> \ud83d\ude09 <\/li>\n\n\n\n<li><a href=\"https:\/\/www.geogebra.org\/m\/wmg2kbh6\">\u00dc Multiplizieren\/Faktorisieren<\/a> (Binomische Formeln, Kopiervorlage)<\/li>\n\n\n\n<li><a rel=\"noreferrer noopener\" href=\"https:\/\/www.geogebra.org\/m\/vsath83r\" target=\"_blank\">Binomischer Satz<\/a><\/li>\n\n\n\n<li><a href=\"https:\/\/www.geogebra.org\/m\/gyqg9xze\">\u00dc Gleichungen mit Klammern<\/a> (KV)<\/li>\n\n\n\n<li><a rel=\"noreferrer noopener\" aria-label=\"\u00dc L\u00f6sen von Gleichungen I (\u00f6ffnet in neuem Tab)\" href=\"https:\/\/www.geogebra.org\/m\/nbryst3x\" target=\"_blank\">\u00dc L\u00f6sen von Gleichungen I<\/a> (mit Klammern)<\/li>\n\n\n\n<li><a rel=\"noreferrer noopener\" aria-label=\"\u00dc L\u00f6sen von Gleichungen II (\u00f6ffnet in neuem Tab)\" href=\"https:\/\/www.geogebra.org\/m\/ccaarbvu\" target=\"_blank\">\u00dc L\u00f6sen von Gleichungen II<\/a> (mit Klammern)<\/li>\n\n\n\n<li><a rel=\"noreferrer noopener\" aria-label=\"\u00dc L\u00f6sen von Gleichungen (\u00f6ffnet in neuem Tab)\" href=\"https:\/\/www.geogebra.org\/m\/jndcdy6k\" target=\"_blank\">\u00dc L\u00f6sen von Gleichungen<\/a> III (mit Klammern)<\/li>\n<\/ol>\n\n\n\n<p><strong>Satzgruppe des Pythagoras<\/strong><\/p>\n\n\n\n<ol class=\"wp-block-list\">\n<li><a aria-label=\"Satz des Pythagoras (\u00f6ffnet in neuem Tab)\" href=\"https:\/\/www.geogebra.org\/m\/sfrdhuzr\" target=\"_blank\" rel=\"noreferrer noopener\">Satz des Pythagoras<\/a><\/li>\n\n\n\n<li><a href=\"https:\/\/www.geogebra.org\/m\/zbcyawsu\">\u00dc Satz des Pythagoras<\/a><\/li>\n\n\n\n<li><a rel=\"noreferrer noopener\" aria-label=\"Kathetensatz (\u00f6ffnet in neuem Tab)\" href=\"https:\/\/www.geogebra.org\/m\/vaegy6te\" target=\"_blank\">Kathetensatz<\/a><\/li>\n\n\n\n<li><a rel=\"noreferrer noopener\" href=\"https:\/\/www.geogebra.org\/m\/uft5smcv\" target=\"_blank\">H\u00f6hensatz<\/a><\/li>\n\n\n\n<li><a rel=\"noreferrer noopener\" href=\"https:\/\/www.geogebra.org\/m\/wdfugauv\" target=\"_blank\">weitere Beweisfigur<\/a> Satz des Pythagoras<\/li>\n\n\n\n<li><a rel=\"noreferrer noopener\" href=\"https:\/\/www.geogebra.org\/m\/ccmcn2cq\" target=\"_blank\">\u00dc Gleichungen in rechtwinkligen Dreieck ermitteln<\/a><\/li>\n\n\n\n<li><a rel=\"noreferrer noopener\" href=\"https:\/\/www.geogebra.org\/m\/jshhhmrb\" target=\"_blank\">\u00dc Berechnungen im rechtwinkligen Dreieck<\/a><\/li>\n\n\n\n<li><a href=\"https:\/\/www.geogebra.org\/m\/xhf3ft3r\" target=\"_blank\" rel=\"noreferrer noopener\">\u00dc Abstand zweier Punkte<\/a> (Anleitung)<\/li>\n\n\n\n<li><a rel=\"noreferrer noopener\" href=\"https:\/\/www.geogebra.org\/m\/tsysqmes\" target=\"_blank\">\u00dc Ist das Dreieck rechtwinklig?<\/a><\/li>\n<\/ol>\n\n\n\n<p><strong>Kreis<\/strong><\/p>\n\n\n\n<ol class=\"wp-block-list\">\n<li><a rel=\"noreferrer noopener\" aria-label=\"Satz des Thales (\u00f6ffnet in neuem Tab)\" href=\"https:\/\/www.geogebra.org\/m\/NbwzkqFb\" target=\"_blank\">Satz des Thales<\/a> (mit Begr\u00fcndung)<\/li>\n\n\n\n<li><a href=\"https:\/\/youtu.be\/3dLwcobywmM\" target=\"_blank\" rel=\"noreferrer noopener\">Video GeoGebra-Anleitung: Satz des Thales<\/a><\/li>\n\n\n\n<li><a rel=\"noreferrer noopener\" href=\"https:\/\/www.geogebra.org\/m\/jrawrj9r\" target=\"_blank\">Peripheriewinkelsatz<\/a><\/li>\n\n\n\n<li><a rel=\"noreferrer noopener\" href=\"https:\/\/www.geogebra.org\/m\/mbv7rze6\" target=\"_blank\">Zentriwinkel-Peripheriewinkel-Satz<\/a><\/li>\n\n\n\n<li><a rel=\"noreferrer noopener\" aria-label=\"Kreis abrollen (\u00f6ffnet in neuem Tab)\" href=\"https:\/\/www.geogebra.org\/m\/Q8Bs4dRC\" target=\"_blank\">Kreis abrollen<\/a> (Umfang)<\/li>\n\n\n\n<li><a href=\"https:\/\/www.geogebra.org\/m\/nzpa582r\">Fl\u00e4cheninhalt Kreis<\/a><\/li>\n\n\n\n<li><a rel=\"noreferrer noopener\" aria-label=\"\u00dc Kreisberechnung (\u00f6ffnet in neuem Tab)\" href=\"https:\/\/www.geogebra.org\/m\/MSsxfHwM\" target=\"_blank\">\u00dc Kreisberechnung<\/a><\/li>\n\n\n\n<li><a href=\"https:\/\/www.geogebra.org\/m\/brufjzwr\">\u00dc Kreissektor (Bogenl\u00e4nge und Fl\u00e4cheninhalt)<\/a><\/li>\n\n\n\n<li><a rel=\"noreferrer noopener\" aria-label=\"Sehnenviereck (\u00f6ffnet in neuem Tab)\" href=\"https:\/\/www.geogebra.org\/m\/kd8QaeFw\" target=\"_blank\">Sehnenviereck<\/a><\/li>\n\n\n\n<li><a href=\"https:\/\/www.geogebra.org\/m\/cgwzf7r4\">Netz eines geraden Kreiszylinders<\/a><\/li>\n\n\n\n<li><a rel=\"noreferrer noopener\" href=\"https:\/\/www.geogebra.org\/m\/qkephmnm\" target=\"_blank\">K\u00f6rperberechnung Kreiszylinder<\/a><\/li>\n<\/ol>\n\n\n\n<p><strong>Lineare Funktionen<\/strong><\/p>\n\n\n\n<ol class=\"wp-block-list\">\n<li><a rel=\"noreferrer noopener\" aria-label=\"Beispiel f\u00fcr eindeutige Zuordnungen (\u00f6ffnet in neuem Tab)\" href=\"https:\/\/www.geogebra.org\/m\/qmbqyhnj\" target=\"_blank\">Beispiel f\u00fcr eindeutige Zuordnungen<\/a> (Kodieren)<\/li>\n\n\n\n<li><a href=\"https:\/\/www.geogebra.org\/m\/bs8cfptr\">Passwortknacker<\/a> (Sandorf-Verschl\u00fcsselung)<\/li>\n\n\n\n<li><a rel=\"noreferrer noopener\" aria-label=\"\u00dc Zahlenfolge erg\u00e4nzen (\u00f6ffnet in neuem Tab)\" href=\"https:\/\/www.geogebra.org\/m\/xphda5sm\" target=\"_blank\">\u00dc Zahlenfolge erg\u00e4nzen<\/a><\/li>\n\n\n\n<li><a rel=\"noreferrer noopener\" aria-label=\"\u00dc Wertetabelle erg\u00e4nzen (\u00f6ffnet in neuem Tab)\" href=\"https:\/\/www.geogebra.org\/m\/cv4knrvz\" target=\"_blank\">\u00dc Wertetabelle erg\u00e4nzen<\/a><\/li>\n\n\n\n<li><a rel=\"noreferrer noopener\" href=\"https:\/\/www.geogebra.org\/m\/zescrenh\" target=\"_blank\">\u00dc Graph als Punktmenge<\/a><\/li>\n\n\n\n<li><a href=\"https:\/\/www.geogebra.org\/m\/q5f8pwd5\">\u00dc Graph von linearen Funktionen zeichnen<\/a><\/li>\n\n\n\n<li><a href=\"https:\/\/www.geogebra.org\/m\/gwdtneev\">Von der Geraden zur Funktionsgleichung<\/a><\/li>\n\n\n\n<li><a rel=\"noreferrer noopener\" href=\"https:\/\/www.geogebra.org\/m\/a6h8b6zp\" target=\"_blank\">\u00dc Funktionsgleichung aus Graphen ablesen<\/a><\/li>\n\n\n\n<li><a href=\"https:\/\/www.geogebra.org\/m\/yapq83kk\">\u00dc Funktionsgleichung ablesen (Schritt f\u00fcr Schritt)<\/a><\/li>\n\n\n\n<li><a rel=\"noreferrer noopener\" href=\"https:\/\/www.geogebra.org\/m\/nz68xdya\" target=\"_blank\">\u00dc Eigenschaften linearer Funktionen<\/a><\/li>\n\n\n\n<li><a href=\"https:\/\/www.geogebra.org\/m\/w6a3faqx\">Fl\u00e4chengleichheit?<\/a><\/li>\n\n\n\n<li><a href=\"https:\/\/www.geogebra.org\/m\/aw7ahdma\">\u00dc Fehlende Koordinate eines Punktes berechnen<\/a><\/li>\n\n\n\n<li><a href=\"https:\/\/www.geogebra.org\/m\/ptgnxgwm\" target=\"_blank\" rel=\"noreferrer noopener\">\u00dc Berechnung der Funktionsgleichung aus zwei Punkten<\/a> (Schritt f\u00fcr Schritt)<\/li>\n\n\n\n<li><a href=\"https:\/\/www.geogebra.org\/m\/qbxutdyx\" target=\"_blank\" rel=\"noreferrer noopener\">Schnittpunkt zweier Geraden ermitteln<\/a><\/li>\n\n\n\n<li><a href=\"https:\/\/www.geogebra.org\/m\/wq4vphx8\" target=\"_blank\" rel=\"noreferrer noopener\">\u00dc Orthogonale Gerade ermitteln<\/a><\/li>\n\n\n\n<li><a rel=\"noreferrer noopener\" aria-label=\"\u00dc Anwendungsaufgaben (\u00f6ffnet in neuem Tab)\" href=\"https:\/\/www.geogebra.org\/m\/hybanfpw\" target=\"_blank\">\u00dc Anwendungsaufgaben<\/a><\/li>\n<\/ol>\n\n\n\n<p><strong>Stereometrie<\/strong><\/p>\n\n\n\n<ol class=\"wp-block-list\">\n<li><a rel=\"noreferrer noopener\" aria-label=\"K\u00f6rperberechnung Kreiszylinder (\u00f6ffnet in neuem Tab)\" href=\"https:\/\/www.geogebra.org\/m\/qkephmnm\" target=\"_blank\">K\u00f6rperberechnung Kreiszylinder<\/a><\/li>\n\n\n\n<li><a rel=\"noreferrer noopener\" href=\"https:\/\/www.geogebra.org\/m\/kgcrfmrj\" target=\"_blank\">K\u00f6rperberechnung Kreiskegel<\/a><\/li>\n\n\n\n<li><a rel=\"noreferrer noopener\" href=\"https:\/\/www.geogebra.org\/m\/jux4zedr\" target=\"_blank\">\u00dc Volumen eines Quaders<\/a><\/li>\n\n\n\n<li><a href=\"https:\/\/www.geogebra.org\/m\/wknedypn\">Merkmale von Prismen<\/a><\/li>\n\n\n\n<li><a href=\"https:\/\/www.geogebra.org\/m\/atbupycw\">Netz eines Prismas<\/a><\/li>\n\n\n\n<li><a href=\"https:\/\/www.geogebra.org\/m\/znttm4vc\">Berechnungen an Prismen<\/a><\/li>\n\n\n\n<li><a rel=\"noreferrer noopener\" aria-label=\"Netz einer vierseitigen Pyramide (\u00f6ffnet in neuem Tab)\" href=\"https:\/\/www.geogebra.org\/m\/SBNJbvsN\" target=\"_blank\">Netz einer vierseitigen Pyramide<\/a><\/li>\n\n\n\n<li><a href=\"https:\/\/youtu.be\/jSX-NgtcTeU\">Video: Berechnung (V, A<sub>O<\/sub>) einer geraden rechteckigen Pyramide<\/a><\/li>\n\n\n\n<li><a rel=\"noreferrer noopener\" aria-label=\"Berechnungen an einer rechteckigen Pyramide (\u00f6ffnet in neuem Tab)\" href=\"https:\/\/www.geogebra.org\/m\/mqzjgbjw\" target=\"_blank\">Berechnungen an einer rechteckigen Pyramide<\/a><\/li>\n\n\n\n<li><a rel=\"noreferrer noopener\" href=\"https:\/\/www.geogebra.org\/m\/w6nv3jaz\" target=\"_blank\">Erz\u00e4hl mir keine M\u00e4rchen&#8230;<\/a><\/li>\n<\/ol>\n\n\n\n<p><strong>\u00c4hnlichkeit<\/strong><\/p>\n\n\n\n<ol class=\"wp-block-list\">\n<li><a rel=\"noreferrer noopener\" aria-label=\"Zentrische Streckung (\u00f6ffnet in neuem Tab)\" href=\"https:\/\/www.geogebra.org\/m\/fsft88qh\" target=\"_blank\">Zentrische Streckung<\/a><\/li>\n\n\n\n<li><a rel=\"noreferrer noopener\" href=\"https:\/\/www.geogebra.org\/m\/raemxg9f\" target=\"_blank\">\u00dc Streckzentrum, Streckungsfaktor und Ma\u00dfstab ermitteln<\/a><\/li>\n\n\n\n<li><a rel=\"noreferrer noopener\" href=\"https:\/\/www.geogebra.org\/m\/qb23bzwc\" target=\"_blank\">\u00dc 1. Strahlensatz<\/a><\/li>\n<\/ol>\n\n\n\n<p><strong>Wahrscheinlichkeit<\/strong><\/p>\n\n\n\n<ol class=\"wp-block-list\">\n<li><a href=\"https:\/\/www.geogebra.org\/m\/nhu7dw2b\">Einmaliges Ziehen aus einer Urne<\/a><\/li>\n\n\n\n<li><a href=\"https:\/\/www.geogebra.org\/m\/drtshv7a\" target=\"_blank\" rel=\"noreferrer noopener\">Simulation eines Gl\u00fccksspiels<\/a><\/li>\n<\/ol>\n<p>Views: 4662<\/p>","protected":false},"excerpt":{"rendered":"<p>Grundlagen aus Klasse 7 (hilfsmittelfrei) Basiswissen 8 T\u00e4gliche \u00dcbungen Arbeit mit Termen und Gleichungen Satzgruppe des Pythagoras Kreis Lineare Funktionen Stereometrie \u00c4hnlichkeit Wahrscheinlichkeit Views: 4662<\/p>\n","protected":false},"author":1,"featured_media":0,"parent":48,"menu_order":8,"comment_status":"closed","ping_status":"closed","template":"","meta":{"footnotes":""},"class_list":["post-112","page","type-page","status-publish","hentry"],"_links":{"self":[{"href":"https:\/\/lemika.de\/index.php?rest_route=\/wp\/v2\/pages\/112","targetHints":{"allow":["GET"]}}],"collection":[{"href":"https:\/\/lemika.de\/index.php?rest_route=\/wp\/v2\/pages"}],"about":[{"href":"https:\/\/lemika.de\/index.php?rest_route=\/wp\/v2\/types\/page"}],"author":[{"embeddable":true,"href":"https:\/\/lemika.de\/index.php?rest_route=\/wp\/v2\/users\/1"}],"replies":[{"embeddable":true,"href":"https:\/\/lemika.de\/index.php?rest_route=%2Fwp%2Fv2%2Fcomments&post=112"}],"version-history":[{"count":129,"href":"https:\/\/lemika.de\/index.php?rest_route=\/wp\/v2\/pages\/112\/revisions"}],"predecessor-version":[{"id":2177,"href":"https:\/\/lemika.de\/index.php?rest_route=\/wp\/v2\/pages\/112\/revisions\/2177"}],"up":[{"embeddable":true,"href":"https:\/\/lemika.de\/index.php?rest_route=\/wp\/v2\/pages\/48"}],"wp:attachment":[{"href":"https:\/\/lemika.de\/index.php?rest_route=%2Fwp%2Fv2%2Fmedia&parent=112"}],"curies":[{"name":"wp","href":"https:\/\/api.w.org\/{rel}","templated":true}]}}