{"id":1628,"date":"2023-08-09T07:44:24","date_gmt":"2023-08-09T07:44:24","guid":{"rendered":"https:\/\/hoeffler.org\/?page_id=1628"},"modified":"2026-03-05T05:46:51","modified_gmt":"2026-03-05T05:46:51","slug":"ma-12","status":"publish","type":"page","link":"https:\/\/lemika.de\/?page_id=1628","title":{"rendered":"Ma 12"},"content":{"rendered":"\n<p><strong>Wiederholung Klasse 11<\/strong><\/p>\n\n\n\n<ol class=\"wp-block-list\">\n<li><a href=\"https:\/\/www.geogebra.org\/m\/zjrmg6f9\" data-type=\"link\" data-id=\"https:\/\/www.geogebra.org\/m\/zjrmg6f9\">\u00dc Grundwissen Analysis<\/a><\/li>\n\n\n\n<li><a href=\"https:\/\/www.geogebra.org\/m\/aahbhyym\"> Graph der Ableitungsfunktion zeichnerisch (Schritt f\u00fcr Schritt)<\/a><\/li>\n\n\n\n<li><a href=\"https:\/\/www.geogebra.org\/m\/jgznutwp\">\u00dc Graph der Ableitungsfunktion skizzieren<\/a><\/li>\n\n\n\n<li><a href=\"https:\/\/www.geogebra.org\/m\/fxbpjtvu\" target=\"_blank\" rel=\"noreferrer noopener\">\u00dc Mittlere \u00c4nderungsrate (grafisch)<\/a><\/li>\n\n\n\n<li><a href=\"https:\/\/www.geogebra.org\/m\/gmyq3xp8\" target=\"_blank\" rel=\"noreferrer noopener\">\u00dc Mittlere \u00c4nderungsrate (rechnerisch)<\/a><\/li>\n\n\n\n<li><a rel=\"noreferrer noopener\" href=\"https:\/\/www.geogebra.org\/m\/qjs2nkpg\" target=\"_blank\">\u00dc Lokale \u00c4nderungsrate (grafisch)<\/a><\/li>\n\n\n\n<li><a rel=\"noreferrer noopener\" href=\"https:\/\/www.geogebra.org\/m\/tpusjhzk\" target=\"_blank\">\u00dc Inhaltliche Interpretation von \u00c4nderungsraten<\/a><\/li>\n\n\n\n<li><a rel=\"noreferrer noopener\" href=\"https:\/\/www.geogebra.org\/m\/temnen5e\" target=\"_blank\">Von der mittleren zur lokalen \u00c4nderungsrate<\/a><\/li>\n\n\n\n<li><a href=\"https:\/\/www.geogebra.org\/m\/zjrmg6f9\">\u00dc Grundwissen Analysis 01<\/a><\/li>\n\n\n\n<li><a href=\"https:\/\/www.geogebra.org\/m\/ynavxyrg\">\u00dc Bedeutung der ersten Ableitung<\/a><\/li>\n<\/ol>\n\n\n\n<p><strong>Differentialrechnung (Fortsetzung)<\/strong><\/p>\n\n\n\n<ol class=\"wp-block-list\">\n<li><a rel=\"noreferrer noopener\" href=\"https:\/\/www.geogebra.org\/m\/rsrnhd2t\" target=\"_blank\">Ableitung mithilfe der h-Methode (Anleitung)<\/a><\/li>\n\n\n\n<li><a rel=\"noreferrer noopener\" href=\"https:\/\/www.geogebra.org\/m\/betg24vm\" target=\"_blank\">Ableitungsregeln<\/a> (Konstantenregel, Potenzregel, Faktorregel: Veranschaulichung am Graphen)<\/li>\n\n\n\n<li><a rel=\"noreferrer noopener\" href=\"https:\/\/www.geogebra.org\/m\/vvqcxmxr\" target=\"_blank\">Ableitungsregeln II<\/a> (Potenzregel und Faktorregel))<\/li>\n\n\n\n<li><a href=\"https:\/\/www.geogebra.org\/m\/rcfp2ncq\">\u00dc Ableitungsregeln (hilfsmittelfrei)<\/a> erstellt 11.09.2023<\/li>\n\n\n\n<li><a rel=\"noreferrer noopener\" href=\"https:\/\/www.geogebra.org\/m\/k5xgwky6\" target=\"_blank\">Ableitungsregeln III<\/a> (Summenregel, Kettenregel)<\/li>\n\n\n\n<li><a rel=\"noreferrer noopener\" href=\"https:\/\/www.geogebra.org\/m\/yyx5tw8s\" target=\"_blank\">Ableitung der trigonometrischen Funktionen (grafisch)<\/a><\/li>\n\n\n\n<li><a rel=\"noreferrer noopener\" href=\"https:\/\/www.geogebra.org\/m\/sayqux7a\" target=\"_blank\">Ableitungsregeln IV<\/a> (Produktregel)<\/li>\n\n\n\n<li><a rel=\"noreferrer noopener\" href=\"https:\/\/www.geogebra.org\/m\/kauwgkhd\" target=\"_blank\">Ableitungsregeln V<\/a> (Kettenregel)<\/li>\n<\/ol>\n\n\n\n<p><strong>Innermathematische Anwendungen zur  Ableitung<\/strong><\/p>\n\n\n\n<ol class=\"wp-block-list\">\n<li><a href=\"https:\/\/www.geogebra.org\/m\/dbqgn5mt\">\u00dc Anstieg und Steigungswinkel<\/a><\/li>\n\n\n\n<li><a href=\"https:\/\/www.geogebra.org\/m\/sp72ymde\">\u00dc Punkte mit gegebenem Anstieg ermitteln<\/a><\/li>\n\n\n\n<li><a rel=\"noreferrer noopener\" href=\"https:\/\/www.geogebra.org\/m\/avesbpfc\" target=\"_blank\">\u00dc Tangenten und Normalen<\/a><\/li>\n\n\n\n<li><a rel=\"noreferrer noopener\" href=\"https:\/\/www.geogebra.org\/m\/rqppqgaz\" target=\"_blank\">\u00dc Schnittwinkel berechnen<\/a><\/li>\n\n\n\n<li><a href=\"https:\/\/www.geogebra.org\/m\/estbhcct\">\u00dc Ber\u00fchrproblem<\/a><\/li>\n<\/ol>\n\n\n\n<p><strong>Kurvenuntersuchung<\/strong><\/p>\n\n\n\n<ol class=\"wp-block-list\">\n<li><a href=\"https:\/\/www.geogebra.org\/m\/ww5wszfh\">Vorzeichenwechselkriterium (Veranschaulichung)<\/a><\/li>\n\n\n\n<li><a rel=\"noreferrer noopener\" href=\"https:\/\/www.geogebra.org\/m\/quxvv5b9\" target=\"_blank\">Monotonie und erste Ableitung<\/a><\/li>\n\n\n\n<li><a href=\"https:\/\/www.geogebra.org\/m\/g6jxctyr\" target=\"_blank\" rel=\"noreferrer noopener\">\u00dc Berechnung der lokalen Extrempunkte<\/a><\/li>\n\n\n\n<li><a href=\"https:\/\/www.geogebra.org\/m\/ksv3nbau\">Erste Ableitung (Informationen \u00fcber Extrem- und Wendestellen)<\/a><\/li>\n\n\n\n<li><a href=\"https:\/\/www.geogebra.org\/m\/xzebvyjv\">\u00dc Vollst\u00e4ndige Untersuchung ganzrationaler Funktionen<\/a><\/li>\n<\/ol>\n\n\n\n<p><strong>Rekonstruktion von Funktionen<\/strong><\/p>\n\n\n\n<ol class=\"wp-block-list\">\n<li><a href=\"https:\/\/youtu.be\/-I1Mr_dT4mQ\">Video: Rekonstruktion von Funktionen (hilfsmittelfrei)<\/a><\/li>\n\n\n\n<li><a rel=\"noreferrer noopener\" href=\"https:\/\/youtu.be\/D2QYB-zy8Gg\" target=\"_blank\">Video: Rekonstruktion von Funktionen (mit TI-Nspire CAS)<\/a><\/li>\n\n\n\n<li><a href=\"https:\/\/www.geogebra.org\/m\/nzb2ad9f\" target=\"_blank\" rel=\"noreferrer noopener\">\u00dc Rekonstruktion von Funktionen<\/a><\/li>\n<\/ol>\n\n\n\n<p><strong>Extremwertaufgaben<\/strong><\/p>\n\n\n\n<ol class=\"wp-block-list\">\n<li><a href=\"https:\/\/www.geogebra.org\/m\/uktqsma9\" target=\"_blank\" rel=\"noreferrer noopener\">Einf\u00fchrungsbeispiel (oben offenen Schachtel)<\/a><\/li>\n\n\n\n<li><a rel=\"noreferrer noopener\" href=\"https:\/\/www.geogebra.org\/m\/xufruqj4\" target=\"_blank\">Kaninchengehege (Klasse 9)<\/a><\/li>\n\n\n\n<li><a rel=\"noreferrer noopener\" href=\"https:\/\/www.geogebra.org\/m\/hbwsumsb\" target=\"_blank\">Stadionaufgabe (Klasse 9)<\/a><\/li>\n\n\n\n<li><a href=\"https:\/\/www.geogebra.org\/m\/xf9m5vry\" target=\"_blank\" rel=\"noreferrer noopener\">Werkhalle<\/a><\/li>\n\n\n\n<li><a href=\"https:\/\/www.geogebra.org\/m\/ndjnksha\">Tischplatte<\/a><\/li>\n<\/ol>\n\n\n\n<p><strong>Exponentialfunktionen<\/strong><\/p>\n\n\n\n<ol class=\"wp-block-list\">\n<li><a href=\"https:\/\/www.geogebra.org\/m\/rbugna8w\">Wdh. Exponentialfunktionen der Form f(x)=a b^x<\/a><\/li>\n\n\n\n<li><a href=\"https:\/\/www.geogebra.org\/m\/ujvxxrpf\">Warum betrachten wir ausgerechnet die e-Funktion?<\/a><\/li>\n\n\n\n<li><a href=\"https:\/\/www.geogebra.org\/m\/urxrhd4p\">\u00dc Ableitungen von e-Funktionen<\/a><\/li>\n\n\n\n<li><a href=\"https:\/\/youtu.be\/F7TYg3nXIaA?si=NKTbkcmqBrQK8o1s\">Video zur \u00dcbung 2<\/a><\/li>\n<\/ol>\n\n\n\n<p><strong>Integralrechnung<\/strong><\/p>\n\n\n\n<ol class=\"wp-block-list\">\n<li><a href=\"https:\/\/www.geogebra.org\/m\/mvw8ntfe\">Streifenmethode des Archimedes (Untersumme\/ Obersumme)<\/a><\/li>\n\n\n\n<li><a href=\"https:\/\/www.geogebra.org\/m\/vzjgzkr9\">Fl\u00e4cheninhaltsfunktion ermitteln<\/a><\/li>\n\n\n\n<li><a href=\"https:\/\/www.geogebra.org\/m\/rpasc4dt\">Einfache Fl\u00e4chenberechnung (Fl\u00e4cheninhaltsfunktion)<\/a><\/li>\n\n\n\n<li><a href=\"https:\/\/www.geogebra.org\/m\/ydaczcsu\">\u00dc Zusammenhang zwischen Funktion f und Stammfunktion F (grafisch)<\/a><\/li>\n\n\n\n<li><a href=\"https:\/\/www.geogebra.org\/m\/utsggmwf\">\u00dc Unbestimmte Integrale<\/a><\/li>\n\n\n\n<li><a href=\"https:\/\/www.geogebra.org\/m\/tmh8fsp6\">\u00dc Bestimmte Integrale<\/a><\/li>\n\n\n\n<li><a href=\"https:\/\/www.geogebra.org\/m\/zssfcntr\">\u00dc Bestimmtes Integral aus Graphen ermitteln<\/a><\/li>\n\n\n\n<li><a href=\"https:\/\/www.geogebra.org\/m\/rftnrrrt\">\u00dc Fl\u00e4che oder Fl\u00e4chenbilanz<\/a><\/li>\n\n\n\n<li><a href=\"https:\/\/www.geogebra.org\/m\/g54auyz5\">\u00dc Fl\u00e4che zwischen Funktionsgraphen<\/a><\/li>\n\n\n\n<li><a href=\"https:\/\/www.geogebra.org\/m\/wtmfnnce\">Rotationsk\u00f6rper<\/a><\/li>\n<\/ol>\n\n\n\n<p><strong>Stochastik<\/strong><\/p>\n\n\n\n<ol class=\"wp-block-list\">\n<li><a href=\"https:\/\/www.geogebra.org\/m\/hrcazsbw\" target=\"_blank\" rel=\"noreferrer noopener\">Bedingte Wahrscheinlichkeiten<\/a><br>(Vom Baumdiagramm zu den Gleichungen)<\/li>\n\n\n\n<li><a href=\"https:\/\/www.geogebra.org\/m\/z7q288zw\">Wahrscheinlichkeitsrechner<\/a><\/li>\n<\/ol>\n<p>Views: 1539<\/p>","protected":false},"excerpt":{"rendered":"<p>Wiederholung Klasse 11 Differentialrechnung (Fortsetzung) Innermathematische Anwendungen zur Ableitung Kurvenuntersuchung Rekonstruktion von Funktionen Extremwertaufgaben Exponentialfunktionen Integralrechnung Stochastik Views: 1539<\/p>\n","protected":false},"author":1,"featured_media":0,"parent":48,"menu_order":12,"comment_status":"closed","ping_status":"closed","template":"","meta":{"footnotes":"[]"},"class_list":["post-1628","page","type-page","status-publish","hentry"],"_links":{"self":[{"href":"https:\/\/lemika.de\/index.php?rest_route=\/wp\/v2\/pages\/1628","targetHints":{"allow":["GET"]}}],"collection":[{"href":"https:\/\/lemika.de\/index.php?rest_route=\/wp\/v2\/pages"}],"about":[{"href":"https:\/\/lemika.de\/index.php?rest_route=\/wp\/v2\/types\/page"}],"author":[{"embeddable":true,"href":"https:\/\/lemika.de\/index.php?rest_route=\/wp\/v2\/users\/1"}],"replies":[{"embeddable":true,"href":"https:\/\/lemika.de\/index.php?rest_route=%2Fwp%2Fv2%2Fcomments&post=1628"}],"version-history":[{"count":43,"href":"https:\/\/lemika.de\/index.php?rest_route=\/wp\/v2\/pages\/1628\/revisions"}],"predecessor-version":[{"id":2197,"href":"https:\/\/lemika.de\/index.php?rest_route=\/wp\/v2\/pages\/1628\/revisions\/2197"}],"up":[{"embeddable":true,"href":"https:\/\/lemika.de\/index.php?rest_route=\/wp\/v2\/pages\/48"}],"wp:attachment":[{"href":"https:\/\/lemika.de\/index.php?rest_route=%2Fwp%2Fv2%2Fmedia&parent=1628"}],"curies":[{"name":"wp","href":"https:\/\/api.w.org\/{rel}","templated":true}]}}