{"id":181,"date":"2020-02-29T17:35:37","date_gmt":"2020-02-29T17:35:37","guid":{"rendered":"https:\/\/hoeffler.org\/?page_id=181"},"modified":"2025-12-27T19:44:15","modified_gmt":"2025-12-27T19:44:15","slug":"ma-3","status":"publish","type":"page","link":"https:\/\/lemika.de\/?page_id=181","title":{"rendered":"Ma 3"},"content":{"rendered":"\n<p><strong>Grundrechenarten<\/strong><\/p>\n\n\n\n<ol class=\"wp-block-list\">\n<li><a href=\"https:\/\/www.geogebra.org\/m\/auuekqpk\">Division mit Rest<\/a><\/li>\n\n\n\n<li><a href=\"https:\/\/www.geogebra.org\/m\/r63bkxvc\" target=\"_blank\" rel=\"noreferrer noopener\">\u00dc Produkte vergleichen<\/a><br>Kombination von Multiplikation und Vergleichen<\/li>\n\n\n\n<li><a aria-label=\"\u00dc W\u00fcrfelgeb\u00e4ude (\u00f6ffnet in neuem Tab)\" href=\"https:\/\/www.geogebra.org\/m\/vjuzdezp\" target=\"_blank\" rel=\"noreferrer noopener\">\u00dc W\u00fcrfelgeb\u00e4ude<\/a><br>Kombination Multiplikation mit 3 Faktoren und Subtraktion<\/li>\n\n\n\n<li><a href=\"https:\/\/www.geogebra.org\/m\/auwn4rxw\">Gittermultiplikation<\/a><\/li>\n\n\n\n<li><a href=\"https:\/\/www.geogebra.org\/m\/jsmfj9hk\">Strichmultiplikation<\/a><\/li>\n\n\n\n<li><a href=\"https:\/\/www.geogebra.org\/m\/nv9qcpzz\">Methode der Verdopplung<\/a><\/li>\n<\/ol>\n\n\n\n<p><strong>Excel-Arbeitsbl\u00e4tter zum Ausdrucken<\/strong><\/p>\n\n\n\n<ol class=\"wp-block-list\">\n<li><a href=\"https:\/\/lemika.de\/wp-content\/uploads\/2020\/06\/03-Rechnen-bis-100-gemischt.xlsx\" target=\"_blank\" rel=\"noreferrer noopener\">Addition und Subtraktion bis 100<\/a><\/li>\n\n\n\n<li><a aria-label=\"schriftliche Multiplikation (\u00f6ffnet in neuem Tab)\" href=\"https:\/\/lemika.de\/wp-content\/uploads\/2020\/03\/01-schriftl.-Multiplikation-V2.xlsx\" target=\"_blank\" rel=\"noreferrer noopener\">schriftliche Multiplikation<\/a> (zufallsbasiert)<\/li>\n\n\n\n<li><a href=\"https:\/\/lemika.de\/wp-content\/uploads\/2020\/06\/03-Vergleichen.xlsx\" target=\"_blank\" rel=\"noreferrer noopener\">Vergleichen von Produkten<\/a><\/li>\n\n\n\n<li><a href=\"https:\/\/lemika.de\/wp-content\/uploads\/2020\/06\/03-Division-mit-Rest.xlsx\" target=\"_blank\" rel=\"noreferrer noopener\">Divison mit Rest<\/a><\/li>\n<\/ol>\n<p>Views: 3423<\/p>","protected":false},"excerpt":{"rendered":"<p>Grundrechenarten Excel-Arbeitsbl\u00e4tter zum Ausdrucken Views: 3423<\/p>\n","protected":false},"author":1,"featured_media":0,"parent":48,"menu_order":3,"comment_status":"closed","ping_status":"closed","template":"","meta":{"footnotes":""},"class_list":["post-181","page","type-page","status-publish","hentry"],"_links":{"self":[{"href":"https:\/\/lemika.de\/index.php?rest_route=\/wp\/v2\/pages\/181","targetHints":{"allow":["GET"]}}],"collection":[{"href":"https:\/\/lemika.de\/index.php?rest_route=\/wp\/v2\/pages"}],"about":[{"href":"https:\/\/lemika.de\/index.php?rest_route=\/wp\/v2\/types\/page"}],"author":[{"embeddable":true,"href":"https:\/\/lemika.de\/index.php?rest_route=\/wp\/v2\/users\/1"}],"replies":[{"embeddable":true,"href":"https:\/\/lemika.de\/index.php?rest_route=%2Fwp%2Fv2%2Fcomments&post=181"}],"version-history":[{"count":12,"href":"https:\/\/lemika.de\/index.php?rest_route=\/wp\/v2\/pages\/181\/revisions"}],"predecessor-version":[{"id":2162,"href":"https:\/\/lemika.de\/index.php?rest_route=\/wp\/v2\/pages\/181\/revisions\/2162"}],"up":[{"embeddable":true,"href":"https:\/\/lemika.de\/index.php?rest_route=\/wp\/v2\/pages\/48"}],"wp:attachment":[{"href":"https:\/\/lemika.de\/index.php?rest_route=%2Fwp%2Fv2%2Fmedia&parent=181"}],"curies":[{"name":"wp","href":"https:\/\/api.w.org\/{rel}","templated":true}]}}