{"id":186,"date":"2020-03-02T09:39:58","date_gmt":"2020-03-02T09:39:58","guid":{"rendered":"https:\/\/hoeffler.org\/?page_id=186"},"modified":"2023-01-07T15:59:31","modified_gmt":"2023-01-07T15:59:31","slug":"ma-4","status":"publish","type":"page","link":"https:\/\/lemika.de\/?page_id=186","title":{"rendered":"Ma 4"},"content":{"rendered":"\n<p><strong>Grundrechenarten<\/strong><\/p>\n\n\n\n<ol class=\"wp-block-list\">\n<li><a rel=\"noreferrer noopener\" href=\"https:\/\/www.geogebra.org\/m\/cmj3vvav\" target=\"_blank\">\u00dc Schriftliche Multiplikation<\/a><\/li>\n\n\n\n<li><a rel=\"noreferrer noopener\" href=\"https:\/\/www.geogebra.org\/m\/cyrdygtw\" target=\"_blank\">\u00dc Schriftliche Division<\/a><\/li>\n<\/ol>\n\n\n\n<p><strong>Geometrie<\/strong><\/p>\n\n\n\n<ol class=\"wp-block-list\">\n<li><a rel=\"noreferrer noopener\" href=\"https:\/\/www.geogebra.org\/m\/bphhkfxg\" target=\"_blank\">Schr\u00e4gbild Quader<\/a><\/li>\n\n\n\n<li><a rel=\"noreferrer noopener\" href=\"https:\/\/www.geogebra.org\/m\/xwy3xxg4\" target=\"_blank\">\u00dc Vierecke klassifizieren<\/a><\/li>\n\n\n\n<li><a href=\"https:\/\/www.geogebra.org\/m\/cee9vy9d\" target=\"_blank\" rel=\"noreferrer noopener\">\u00dc Winkel messen<\/a><\/li>\n\n\n\n<li><a rel=\"noreferrer noopener\" href=\"https:\/\/www.geogebra.org\/m\/uaqeghhs\" target=\"_blank\">Innenwinkelsumme im Dreieck<\/a><\/li>\n<\/ol>\n\n\n\n<p><strong>Aufgaben zum Entdecken<\/strong><\/p>\n\n\n\n<ol class=\"wp-block-list\">\n<li><a rel=\"noreferrer noopener\" href=\"https:\/\/www.geogebra.org\/m\/yzf4hgbj\" target=\"_blank\">Dreieckszahlen<\/a><\/li>\n\n\n\n<li><a href=\"https:\/\/www.geogebra.org\/m\/mx7q4t8t\">Muster aus geraden Linien<\/a> (Schon wieder Dreieckszahlen?)<\/li>\n<\/ol>\n\n\n\n<p><strong>Excel-Arbeitsbl\u00e4tter zum Ausdrucken (zufallsbasiert)<\/strong><\/p>\n\n\n\n<ol class=\"wp-block-list\">\n<li><a rel=\"noreferrer noopener\" href=\"https:\/\/lemika.de\/wp-content\/uploads\/2020\/03\/01-schriftl.-Multiplikation-V2.xlsx\" target=\"_blank\">\u00dc Schriftliche Multiplikation<\/a><\/li>\n\n\n\n<li><a rel=\"noreferrer noopener\" href=\"https:\/\/lemika.de\/wp-content\/uploads\/2020\/08\/02-schriftl.-Subtraktion.xlsx\" target=\"_blank\">\u00dc Schriftliche Subtraktion<\/a><\/li>\n<\/ol>\n\n\n\n<p><strong>Umrechnungen<\/strong><\/p>\n\n\n\n<ol class=\"wp-block-list\">\n<li><a rel=\"noreferrer noopener\" href=\"https:\/\/www.geogebra.org\/m\/snmdhjzj\" target=\"_blank\">\u00dc Umrechnungen<\/a>: Masse (g), L\u00e4nge (m), Volumen (l), egal (Pups)<\/li>\n<\/ol>\n\n\n\n<p><strong>Arbeitsbl\u00e4tter zum Ausdrucken mit L\u00f6sungen<\/strong><\/p>\n\n\n\n<p><a rel=\"noreferrer noopener\" href=\"https:\/\/lemika.de\/wp-content\/uploads\/2021\/02\/01-Umrechnungen.pdf\" target=\"_blank\"><img loading=\"lazy\" decoding=\"async\" width=\"30\" height=\"41\" class=\"wp-image-817\" style=\"width: 30px;\" src=\"https:\/\/lemika.de\/wp-content\/uploads\/2021\/02\/pdf_AB.png\" alt=\"\"> Arbeitsblatt 01 <\/a><a rel=\"noreferrer noopener\" href=\"https:\/\/lemika.de\/wp-content\/uploads\/2021\/02\/02-Umrechnungen.pdf\" target=\"_blank\"><img loading=\"lazy\" decoding=\"async\" width=\"30\" height=\"41\" class=\"wp-image-817\" style=\"width: 30px;\" src=\"https:\/\/lemika.de\/wp-content\/uploads\/2021\/02\/pdf_AB.png\" alt=\"\">Arbeitsblatt 02<\/a><a rel=\"noreferrer noopener\" href=\"https:\/\/lemika.de\/wp-content\/uploads\/2021\/02\/03-Umrechnungen.pdf\" target=\"_blank\"> <img loading=\"lazy\" decoding=\"async\" width=\"30\" height=\"41\" class=\"wp-image-817\" style=\"width: 30px;\" src=\"https:\/\/lemika.de\/wp-content\/uploads\/2021\/02\/pdf_AB.png\" alt=\"\">Arbeitsblatt 03<\/a><a rel=\"noreferrer noopener\" href=\"https:\/\/lemika.de\/wp-content\/uploads\/2021\/02\/04-Umrechnungen.pdf\" target=\"_blank\"> <img loading=\"lazy\" decoding=\"async\" width=\"30\" height=\"41\" class=\"wp-image-817\" style=\"width: 30px;\" src=\"https:\/\/lemika.de\/wp-content\/uploads\/2021\/02\/pdf_AB.png\" alt=\"\">Arbeitsblatt 04<\/a> <a href=\"https:\/\/lemika.de\/wp-content\/uploads\/2021\/02\/05-Umrechnungen.pdf\"><img loading=\"lazy\" decoding=\"async\" width=\"30\" height=\"41\" class=\"wp-image-817\" style=\"width: 30px;\" src=\"https:\/\/lemika.de\/wp-content\/uploads\/2021\/02\/pdf_AB.png\" alt=\"\">Arbeitsblatt 05<\/a> <a rel=\"noreferrer noopener\" href=\"https:\/\/lemika.de\/wp-content\/uploads\/2021\/02\/06-Umrechnungen.pdf\" target=\"_blank\"><img loading=\"lazy\" decoding=\"async\" width=\"30\" height=\"41\" class=\"wp-image-817\" style=\"width: 30px;\" src=\"https:\/\/lemika.de\/wp-content\/uploads\/2021\/02\/pdf_AB.png\" alt=\"\">Arbeitsblatt 06<\/a><\/p>\n\n\n\n<p><strong>Video: Arbeitsbl\u00e4tter selbst erstellen mit GeoGebra und OneNote<\/strong><\/p>\n\n\n\n<figure class=\"wp-block-embed is-type-video is-provider-youtube wp-block-embed-youtube wp-embed-aspect-16-9 wp-has-aspect-ratio\"><div class=\"wp-block-embed__wrapper\">\n<iframe loading=\"lazy\" title=\"Aufgabenbl\u00e4tter mithilfe von GeoGebra erstellen\" width=\"750\" height=\"422\" src=\"https:\/\/www.youtube.com\/embed\/jjkHu9SiuDs?feature=oembed\" frameborder=\"0\" allow=\"accelerometer; autoplay; clipboard-write; encrypted-media; gyroscope; picture-in-picture\" allowfullscreen><\/iframe>\n<\/div><\/figure>\n\n\n\n<p><\/p>\n<p>Views: 1426<\/p>","protected":false},"excerpt":{"rendered":"<p>Grundrechenarten Geometrie Aufgaben zum Entdecken Excel-Arbeitsbl\u00e4tter zum Ausdrucken (zufallsbasiert) Umrechnungen Arbeitsbl\u00e4tter zum Ausdrucken mit L\u00f6sungen Arbeitsblatt 01 Arbeitsblatt 02 Arbeitsblatt 03 Arbeitsblatt 04 Arbeitsblatt 05 Arbeitsblatt 06 Video: Arbeitsbl\u00e4tter selbst erstellen mit GeoGebra und OneNote Views: 1426<\/p>\n","protected":false},"author":1,"featured_media":0,"parent":48,"menu_order":4,"comment_status":"closed","ping_status":"closed","template":"","meta":{"footnotes":""},"class_list":["post-186","page","type-page","status-publish","hentry"],"_links":{"self":[{"href":"https:\/\/lemika.de\/index.php?rest_route=\/wp\/v2\/pages\/186","targetHints":{"allow":["GET"]}}],"collection":[{"href":"https:\/\/lemika.de\/index.php?rest_route=\/wp\/v2\/pages"}],"about":[{"href":"https:\/\/lemika.de\/index.php?rest_route=\/wp\/v2\/types\/page"}],"author":[{"embeddable":true,"href":"https:\/\/lemika.de\/index.php?rest_route=\/wp\/v2\/users\/1"}],"replies":[{"embeddable":true,"href":"https:\/\/lemika.de\/index.php?rest_route=%2Fwp%2Fv2%2Fcomments&post=186"}],"version-history":[{"count":34,"href":"https:\/\/lemika.de\/index.php?rest_route=\/wp\/v2\/pages\/186\/revisions"}],"predecessor-version":[{"id":1510,"href":"https:\/\/lemika.de\/index.php?rest_route=\/wp\/v2\/pages\/186\/revisions\/1510"}],"up":[{"embeddable":true,"href":"https:\/\/lemika.de\/index.php?rest_route=\/wp\/v2\/pages\/48"}],"wp:attachment":[{"href":"https:\/\/lemika.de\/index.php?rest_route=%2Fwp%2Fv2%2Fmedia&parent=186"}],"curies":[{"name":"wp","href":"https:\/\/api.w.org\/{rel}","templated":true}]}}