{"id":192,"date":"2020-03-03T10:53:11","date_gmt":"2020-03-03T10:53:11","guid":{"rendered":"https:\/\/hoeffler.org\/?page_id=192"},"modified":"2022-05-11T15:04:30","modified_gmt":"2022-05-11T15:04:30","slug":"ph-7","status":"publish","type":"page","link":"https:\/\/lemika.de\/?page_id=192","title":{"rendered":"Ph 7"},"content":{"rendered":"\n<p><strong>Allgemeines<\/strong><\/p>\n\n\n\n<ol class=\"wp-block-list\"><li><a href=\"https:\/\/www.geogebra.org\/m\/zpbqcquq\" target=\"_blank\" rel=\"noreferrer noopener\">\u00dc Physikalische Gr\u00f6\u00dfen<\/a><\/li><li><a rel=\"noreferrer noopener\" href=\"https:\/\/www.geogebra.org\/m\/pvsfzcp3\" target=\"_blank\">\u00dc Einheitenvors\u00e4tze<\/a><\/li><\/ol>\n\n\n\n<p><strong>Thermodynamik<\/strong><\/p>\n\n\n\n<ol class=\"wp-block-list\"><li><a rel=\"noreferrer noopener\" href=\"https:\/\/phet.colorado.edu\/sims\/html\/gases-intro\/latest\/gases-intro_de.html\" target=\"_blank\">Temperatur und Teilchenbewegung (Simulation)<\/a><\/li><li><a rel=\"noreferrer noopener\" href=\"https:\/\/www.geogebra.org\/m\/m2jxk4zb\" target=\"_blank\">\u00dc Temperatur ablesen<\/a><\/li><li><a href=\"https:\/\/www.geogebra.org\/m\/dshdtzxf\" target=\"_blank\" rel=\"noreferrer noopener\">\u00dc Umrechnung von Temperaturen (\u00b0C &lt;&#8212;&gt;K)<\/a><\/li><\/ol>\n\n\n\n<p><strong>Mechanik<\/strong><\/p>\n\n\n\n<ol class=\"wp-block-list\"><li><a rel=\"noreferrer noopener\" href=\"https:\/\/www.geogebra.org\/m\/muqkgqff\" target=\"_blank\">\u00dc  Hookesches Gesetz<\/a><\/li><li><a rel=\"noreferrer noopener\" href=\"https:\/\/youtu.be\/TmVYBuCyrSY\" target=\"_blank\">Video: Kr\u00e4fteparallelogramm konstruieren<\/a><ol><li><a rel=\"noreferrer noopener\" href=\"https:\/\/www.geogebra.org\/m\/snndevpb\" target=\"_blank\">\u00dc Zusammengesetzte Kr\u00e4fte<\/a><\/li><\/ol><\/li><li><a rel=\"noreferrer noopener\" href=\"https:\/\/www.geogebra.org\/m\/ppuz5tc7\" target=\"_blank\">\u00dc Kraftzerlegung an der geneigten Ebene<\/a> (Klasse 7) <\/li><li><a rel=\"noreferrer noopener\" href=\"https:\/\/www.geogebra.org\/m\/juca4ezp\" target=\"_blank\">Anstieg und Fl\u00e4che im F-s-Diagramm<\/a><\/li><li><a rel=\"noreferrer noopener\" href=\"https:\/\/www.geogebra.org\/m\/tw8fjet7\" target=\"_blank\">\u00dc Musteraufgaben Mechanische Arbeit (Klasse 7)<\/a><\/li><\/ol>\n\n\n\n<p><strong>Kraftumformende Einrichtungen<\/strong><\/p>\n\n\n\n<ol class=\"wp-block-list\"><li>Mackspace: <a href=\"https:\/\/mackspace.de\/unterricht\/simulationen_physik\/einstieg_sv_canvas\/hebel_a.html\">Zweiseitiger Hebel<\/a><\/li><li>Mackspace: <a rel=\"noreferrer noopener\" href=\"https:\/\/mackspace.de\/unterricht\/simulationen_physik\/einstieg_sv_canvas\/hebel_b.html\" target=\"_blank\">Einseitiger Hebel<\/a><\/li><li><a href=\"https:\/\/www.geogebra.org\/m\/wjmvkkhq\">\u00dc Hebel<\/a> (formale Rechnung)<\/li><li>Mackspace: <a rel=\"noreferrer noopener\" href=\"https:\/\/mackspace.de\/unterricht\/simulationen_physik\/einstieg_sv_canvas\/flaschenzug.html\" target=\"_blank\">Flaschenzug<\/a><\/li><\/ol>\n\n\n\n<p><\/p>\n<p>Views: 1966<\/p>","protected":false},"excerpt":{"rendered":"<p>Allgemeines \u00dc Physikalische Gr\u00f6\u00dfen \u00dc Einheitenvors\u00e4tze Thermodynamik Temperatur und Teilchenbewegung (Simulation) \u00dc Temperatur ablesen \u00dc Umrechnung von Temperaturen (\u00b0C &lt;&#8212;&gt;K) Mechanik \u00dc Hookesches Gesetz Video: Kr\u00e4fteparallelogramm konstruieren \u00dc Zusammengesetzte Kr\u00e4fte \u00dc Kraftzerlegung an der geneigten Ebene (Klasse 7) Anstieg und<\/p>\n","protected":false},"author":1,"featured_media":0,"parent":36,"menu_order":7,"comment_status":"closed","ping_status":"closed","template":"","meta":{"footnotes":""},"class_list":["post-192","page","type-page","status-publish","hentry"],"_links":{"self":[{"href":"https:\/\/lemika.de\/index.php?rest_route=\/wp\/v2\/pages\/192","targetHints":{"allow":["GET"]}}],"collection":[{"href":"https:\/\/lemika.de\/index.php?rest_route=\/wp\/v2\/pages"}],"about":[{"href":"https:\/\/lemika.de\/index.php?rest_route=\/wp\/v2\/types\/page"}],"author":[{"embeddable":true,"href":"https:\/\/lemika.de\/index.php?rest_route=\/wp\/v2\/users\/1"}],"replies":[{"embeddable":true,"href":"https:\/\/lemika.de\/index.php?rest_route=%2Fwp%2Fv2%2Fcomments&post=192"}],"version-history":[{"count":22,"href":"https:\/\/lemika.de\/index.php?rest_route=\/wp\/v2\/pages\/192\/revisions"}],"predecessor-version":[{"id":1305,"href":"https:\/\/lemika.de\/index.php?rest_route=\/wp\/v2\/pages\/192\/revisions\/1305"}],"up":[{"embeddable":true,"href":"https:\/\/lemika.de\/index.php?rest_route=\/wp\/v2\/pages\/36"}],"wp:attachment":[{"href":"https:\/\/lemika.de\/index.php?rest_route=%2Fwp%2Fv2%2Fmedia&parent=192"}],"curies":[{"name":"wp","href":"https:\/\/api.w.org\/{rel}","templated":true}]}}