{"id":197,"date":"2020-03-03T18:55:25","date_gmt":"2020-03-03T18:55:25","guid":{"rendered":"https:\/\/hoeffler.org\/?page_id=197"},"modified":"2025-10-09T05:48:13","modified_gmt":"2025-10-09T05:48:13","slug":"ph-11","status":"publish","type":"page","link":"https:\/\/lemika.de\/?page_id=197","title":{"rendered":"Ph 11"},"content":{"rendered":"\n<p><strong>geradlinig gleichf\u00f6rmige Bewegung<\/strong> (Wdh. 9)<\/p>\n\n\n\n<ol class=\"wp-block-list\">\n<li><a href=\"https:\/\/mackspace.de\/unterricht\/simulationen_physik\/mechanik_sv_canvas\/translation_1.html\">Simulation SE gleichf\u00f6rmige Bewegungen<\/a>&nbsp;(MackSpace.de)<\/li>\n\n\n\n<li><a href=\"https:\/\/www.geogebra.org\/m\/drm4gz25\" target=\"_blank\" rel=\"noreferrer noopener\">Gleichf\u00f6rmige Bewegungen<\/a>&nbsp;(Animation und Interpretation der Diagramme)<\/li>\n\n\n\n<li><a href=\"https:\/\/www.geogebra.org\/m\/hdynykmq\" target=\"_blank\" rel=\"noreferrer noopener\">\u00dc Musteraufgaben (Gleichf\u00f6rmige Bewegungen<\/a>)<\/li>\n\n\n\n<li><a href=\"https:\/\/www.geogebra.org\/m\/qmqtvqdg\" target=\"_blank\" rel=\"noreferrer noopener\">Diagramme lesen I (zwei Fahrzeuge)<\/a><br>Geschwindigkeiten ermitteln, Schnittpunkt interpretieren<\/li>\n\n\n\n<li><a href=\"https:\/\/www.geogebra.org\/m\/h644q6jq\" target=\"_blank\" rel=\"noreferrer noopener\">Diagramme lesen II<\/a><br>mehrere Bewegungsabschnitte (s-t- und v-t-Diagramme)<\/li>\n<\/ol>\n\n\n\n<p><strong>gleichm\u00e4\u00dfig beschleunigte Bewegung<\/strong> (Wdh. 9)<\/p>\n\n\n\n<ol class=\"wp-block-list\">\n<li><a href=\"https:\/\/www.geogebra.org\/m\/dhvcq6fh\" target=\"_blank\" rel=\"noreferrer noopener\">Anstieg und Fl\u00e4che im v-t-Diagramm<\/a><\/li>\n\n\n\n<li><a href=\"https:\/\/www.geogebra.org\/m\/nwdftrk8\" target=\"_blank\" rel=\"noreferrer noopener\">Gleichm\u00e4\u00dfig beschleunigte Bewegungen<\/a>&nbsp;(Animation und Interpretation der Diagramme)<\/li>\n\n\n\n<li><a href=\"https:\/\/mackspace.de\/unterricht\/simulationen_physik\/mechanik_sv_canvas\/translation_3.html\">Die gleichm\u00e4\u00dfig beschleunigte Bewegung<\/a> (Simulation des Experiments mackspace.de)<\/li>\n\n\n\n<li><a href=\"https:\/\/www.geogebra.org\/m\/tabnw7zq\" target=\"_blank\" rel=\"noreferrer noopener\">\u00dc Beschleunigung und Geschwindigkeit mithilfe des s-t-Diagramms ermitteln<\/a><\/li>\n\n\n\n<li><a href=\"https:\/\/www.geogebra.org\/m\/uksvupc4\" target=\"_blank\" rel=\"noreferrer noopener\">\u00dc Musteraufgaben (gleichm\u00e4\u00dfig beschleunigte Bewegungen)<\/a><\/li>\n\n\n\n<li><a href=\"https:\/\/www.geogebra.org\/m\/kg8ebvas\">Diagramme&nbsp;<\/a><a href=\"https:\/\/www.geogebra.org\/m\/kg8ebvas\" target=\"_blank\" rel=\"noreferrer noopener\">lesen&nbsp;<\/a><a href=\"https:\/\/www.geogebra.org\/m\/kg8ebvas\">III<\/a><br>mehrere Bewegungsabschnitte (v-t- und a-t-Diagramme)<\/li>\n\n\n\n<li><a href=\"https:\/\/www.geogebra.org\/m\/z2aeunme\" target=\"_blank\" rel=\"noreferrer noopener\">Diagramme lesen IV<\/a><br>mehrere Bewegungsabschnitte (s-t- und v-t-Diagramme)<\/li>\n<\/ol>\n\n\n\n<p><strong>\u00dcberlagerte Bewegungen<\/strong><\/p>\n\n\n\n<ol class=\"wp-block-list\">\n<li><a href=\"https:\/\/www.geogebra.org\/m\/ajc7qcfr\">\u00dc Zusammengesetzte Geschwindigkeiten<\/a><\/li>\n\n\n\n<li><a href=\"https:\/\/www.geogebra.org\/m\/zc5jh7mb\">\u00dc Bewegungen mit Anfangsbedingungen<\/a><\/li>\n\n\n\n<li><a href=\"https:\/\/www.geogebra.org\/m\/kyerfsvz\">Waagerechter Wurf<\/a><\/li>\n<\/ol>\n\n\n\n<p><\/p>\n<p>Views: 1183<\/p>","protected":false},"excerpt":{"rendered":"<p>geradlinig gleichf\u00f6rmige Bewegung (Wdh. 9) gleichm\u00e4\u00dfig beschleunigte Bewegung (Wdh. 9) \u00dcberlagerte Bewegungen Views: 1183<\/p>\n","protected":false},"author":1,"featured_media":0,"parent":36,"menu_order":11,"comment_status":"closed","ping_status":"closed","template":"","meta":{"footnotes":""},"class_list":["post-197","page","type-page","status-publish","hentry"],"_links":{"self":[{"href":"https:\/\/lemika.de\/index.php?rest_route=\/wp\/v2\/pages\/197","targetHints":{"allow":["GET"]}}],"collection":[{"href":"https:\/\/lemika.de\/index.php?rest_route=\/wp\/v2\/pages"}],"about":[{"href":"https:\/\/lemika.de\/index.php?rest_route=\/wp\/v2\/types\/page"}],"author":[{"embeddable":true,"href":"https:\/\/lemika.de\/index.php?rest_route=\/wp\/v2\/users\/1"}],"replies":[{"embeddable":true,"href":"https:\/\/lemika.de\/index.php?rest_route=%2Fwp%2Fv2%2Fcomments&post=197"}],"version-history":[{"count":42,"href":"https:\/\/lemika.de\/index.php?rest_route=\/wp\/v2\/pages\/197\/revisions"}],"predecessor-version":[{"id":2110,"href":"https:\/\/lemika.de\/index.php?rest_route=\/wp\/v2\/pages\/197\/revisions\/2110"}],"up":[{"embeddable":true,"href":"https:\/\/lemika.de\/index.php?rest_route=\/wp\/v2\/pages\/36"}],"wp:attachment":[{"href":"https:\/\/lemika.de\/index.php?rest_route=%2Fwp%2Fv2%2Fmedia&parent=197"}],"curies":[{"name":"wp","href":"https:\/\/api.w.org\/{rel}","templated":true}]}}