{"id":215,"date":"2020-03-06T07:54:48","date_gmt":"2020-03-06T07:54:48","guid":{"rendered":"https:\/\/hoeffler.org\/?page_id=215"},"modified":"2024-05-29T04:33:29","modified_gmt":"2024-05-29T04:33:29","slug":"ph-12","status":"publish","type":"page","link":"https:\/\/lemika.de\/?page_id=215","title":{"rendered":"Ph 12"},"content":{"rendered":"\n<p><strong>Gravitationsfeld<\/strong><\/p>\n\n\n\n<ol class=\"wp-block-list\">\n<li><a aria-label=\"Abh\u00e4ngigkeit der Radialkraft (\u00f6ffnet in neuem Tab)\" href=\"https:\/\/www.geogebra.org\/m\/tejayqu9\" target=\"_blank\" rel=\"noreferrer noopener\">Abh\u00e4ngigkeit der Radialkraft<\/a><\/li>\n\n\n\n<li><a aria-label=\"\u00dc Radialkraft (\u00f6ffnet in neuem Tab)\" href=\"https:\/\/www.geogebra.org\/m\/ncrvytts\" target=\"_blank\" rel=\"noreferrer noopener\">\u00dc Radialkraft<\/a><\/li>\n\n\n\n<li><a aria-label=\"Zusammenh\u00e4nge Ellipse (\u00f6ffnet in neuem Tab)\" href=\"https:\/\/www.geogebra.org\/m\/rwxq32nk\" target=\"_blank\" rel=\"noreferrer noopener\">Zusammenh\u00e4nge Ellipse<\/a><\/li>\n\n\n\n<li><a href=\"https:\/\/www.geogebra.org\/m\/psee4yzc\" target=\"_blank\" rel=\"noreferrer noopener\">Fl\u00e4chenformel Kreissektor<\/a><\/li>\n\n\n\n<li><a aria-label=\"Erstes Keplersches Gesetz (Animation) (\u00f6ffnet in neuem Tab)\" href=\"https:\/\/www.walter-fendt.de\/html5\/phde\/keplerlaw1_de.htm\" target=\"_blank\" rel=\"noreferrer noopener\">Erstes Keplersches Gesetz (Animation)<\/a><\/li>\n\n\n\n<li><a aria-label=\"Zweites Keplersches Gesetz (Animation) (\u00f6ffnet in neuem Tab)\" href=\"https:\/\/www.walter-fendt.de\/html5\/phde\/keplerlaw2_de.htm\" target=\"_blank\" rel=\"noreferrer noopener\">Zweites Keplersches Gesetz (Animation)<\/a><\/li>\n<\/ol>\n\n\n\n<p><strong>Elektrisches Feld<\/strong><\/p>\n\n\n\n<ol class=\"wp-block-list\">\n<li><a aria-label=\"\u00dc Kr\u00e4fte zwischen elektrisch geladenen K\u00f6rpern (\u00f6ffnet in neuem Tab)\" href=\"https:\/\/www.geogebra.org\/m\/jrwqstsd\" target=\"_blank\" rel=\"noreferrer noopener\">\u00dc Kr\u00e4fte zwischen elektrisch geladenen K\u00f6rpern<\/a><\/li>\n\n\n\n<li><a aria-label=\"Zusammenh\u00e4nge am Kondensator (Simulation) (\u00f6ffnet in neuem Tab)\" href=\"https:\/\/phet.colorado.edu\/sims\/html\/capacitor-lab-basics\/latest\/capacitor-lab-basics_de.html\" target=\"_blank\" rel=\"noreferrer noopener\">Zusammenh\u00e4nge am Kondensator (Simulation)<\/a><\/li>\n<\/ol>\n\n\n\n<p><strong>Magnetisches Feld<\/strong><\/p>\n\n\n\n<ol class=\"wp-block-list\">\n<li><a aria-label=\"Magnetfeld eines geraden stromdurchflossenen Leiters (\u00f6ffnet in neuem Tab)\" href=\"https:\/\/www.walter-fendt.de\/html5\/phde\/magneticfieldwire_de.htm\" target=\"_blank\" rel=\"noreferrer noopener\">Magnetfeld eines geraden stromdurchflossenen Leiters<\/a> (Simulation)<\/li>\n\n\n\n<li><a aria-label=\"Lorentzkraft auf einen stromdurchflossenen Leiter (\u00f6ffnet in neuem Tab)\" href=\"https:\/\/www.walter-fendt.de\/html5\/phde\/lorentzforce_de.htm\" target=\"_blank\" rel=\"noreferrer noopener\">Lorentzkraft auf einen stromdurchflossenen Leiter<\/a> (Simulation)<\/li>\n\n\n\n<li><a href=\"https:\/\/www.geogebra.org\/m\/b3pnh8zn\">\u00dc Kraft auf elektrisch geladene Teilchen im Magnetfeld (qualitativ)<\/a><\/li>\n<\/ol>\n\n\n\n<p><strong>Ladungen in elektrischen und magnetischen Feldern<\/strong><\/p>\n\n\n\n<ol class=\"wp-block-list\">\n<li>\u00dc <a href=\"https:\/\/www.geogebra.org\/m\/dazqgqkq\">Elektronen im homogenen Querfeld (Aufgabengenerator)<\/a><\/li>\n\n\n\n<li><a href=\"https:\/\/www.geogebra.org\/m\/jbdmcnhh\">\u00dc Elektronen in elektrischen und magnetischen Feldern<\/a><\/li>\n<\/ol>\n\n\n\n<p><strong>Elektromagnetische Induktion<\/strong><\/p>\n\n\n\n<ol class=\"wp-block-list\">\n<li><a aria-label=\"Elektromagnetische Induktion (qualitativ) (\u00f6ffnet in neuem Tab)\" href=\"https:\/\/phet.colorado.edu\/sims\/html\/faradays-law\/latest\/faradays-law_de.html\" target=\"_blank\" rel=\"noreferrer noopener\">Elektromagnetische Induktion (qualitativ)<\/a> Simulation<\/li>\n\n\n\n<li><a href=\"https:\/\/www.geogebra.org\/m\/jcz6v7ev\" target=\"_blank\" rel=\"noreferrer noopener\">\u00dc Selbstinduktionsspannung rechnerisch<\/a><\/li>\n\n\n\n<li><a href=\"https:\/\/www.geogebra.org\/m\/mcnk35jj\" target=\"_blank\" rel=\"noreferrer noopener\">\u00dc Selbstinduktionsspannung grafisch<\/a><\/li>\n\n\n\n<li><a href=\"https:\/\/www.geogebra.org\/m\/nmqzf3zy\" target=\"_blank\" rel=\"noreferrer noopener\">\u00dc Induktivit\u00e4t bestimmen<\/a><\/li>\n<\/ol>\n\n\n\n<p><strong>Elektromagnetische Schwingungen<\/strong><\/p>\n\n\n\n<ol class=\"wp-block-list\">\n<li><a href=\"https:\/\/www.walter-fendt.de\/html5\/phde\/generator_de.htm\" target=\"_blank\" rel=\"noreferrer noopener\">Simulation Generator<\/a> (Walter Fendt)<\/li>\n\n\n\n<li><a aria-label=\"Wechselstromgenerator (\u00f6ffnet in neuem Tab)\" href=\"https:\/\/phet.colorado.edu\/de\/simulation\/generator\" target=\"_blank\" rel=\"noreferrer noopener\">Wechselstromgenerator<\/a> (phet)<\/li>\n\n\n\n<li><a href=\"https:\/\/www.geogebra.org\/m\/axm6ejnh\" target=\"_blank\" rel=\"noreferrer noopener\">Mathematische Beschreibung harmonischer Schwingungen<\/a><\/li>\n\n\n\n<li><a href=\"https:\/\/www.geogebra.org\/m\/ffwqut6v\" target=\"_blank\" rel=\"noreferrer noopener\">\u00dc Wechselstromwiderst\u00e4nde bei Reihenschaltung<\/a><\/li>\n\n\n\n<li><a href=\"https:\/\/www.geogebra.org\/m\/z2rz2tme\" target=\"_blank\" rel=\"noreferrer noopener\">\u00dc Black-Box-Aufgabe<\/a><\/li>\n\n\n\n<li><a href=\"https:\/\/www.walter-fendt.de\/html5\/phde\/oscillatingcircuit_de.htm\" target=\"_blank\" rel=\"noreferrer noopener\">Simulation: Elektromagnetischer Schwingkreis<\/a><\/li>\n<\/ol>\n\n\n\n<p><strong>Wellenoptik<\/strong><\/p>\n\n\n\n<ol class=\"wp-block-list\">\n<li><a href=\"https:\/\/www.geogebra.org\/m\/rkqhahch\" target=\"_blank\" rel=\"noreferrer noopener\">\u00dc Interferenz von Licht<\/a><\/li>\n<\/ol>\n\n\n\n<p><strong>\u00c4u\u00dferer lichtelektrischer Effekt<\/strong><\/p>\n\n\n\n<ol class=\"wp-block-list\">\n<li><a rel=\"noreferrer noopener\" href=\"https:\/\/phet.colorado.edu\/de\/simulation\/legacy\/photoelectric\" target=\"_blank\">Fotoelektrischer Effekt<\/a> (https:\/\/phet.colorado.edu)<\/li>\n\n\n\n<li><a rel=\"noreferrer noopener\" href=\"http:\/\/mackspace.de\/unterricht\/simulationen_physik\/quantenphysik\/sv\/gegenfeld.php\" target=\"_blank\">Simulation Gegenfeldmethode<\/a> (www.mackSpace.de)<\/li>\n\n\n\n<li><a rel=\"noreferrer noopener\" href=\"https:\/\/www.geogebra.org\/m\/ybx9sv9a\" target=\"_blank\">\u00dcbung zur Auswertung der Gegenfeldmethode<\/a><\/li>\n<\/ol>\n\n\n\n<p><strong>Kernphysik<\/strong><\/p>\n\n\n\n<ol class=\"wp-block-list\">\n<li><a rel=\"noreferrer noopener\" aria-label=\"Video simpleclub (4 min) (\u00f6ffnet in neuem Tab)\" href=\"https:\/\/www.youtube.com\/watch?v=81kI-gmTSrA\" target=\"_blank\">Video simpleclub (4 min)<\/a> Streuexperiment von Rutherford<\/li>\n\n\n\n<li><a href=\"https:\/\/phet.colorado.edu\/sims\/html\/rutherford-scattering\/latest\/rutherford-scattering_de.html\">Simulation Streuexperiment von Rutherford<\/a><\/li>\n\n\n\n<li><a rel=\"noreferrer noopener\" href=\"https:\/\/www.geogebra.org\/m\/dprqknqc\" target=\"_blank\">Musteraufgabe 1<\/a><\/li>\n\n\n\n<li><a rel=\"noreferrer noopener\" href=\"https:\/\/www.geogebra.org\/m\/tzdptwvs\" target=\"_blank\">Musteraufgabe 2<\/a><\/li>\n\n\n\n<li><a rel=\"noreferrer noopener\" href=\"https:\/\/www.geogebra.org\/m\/szxpgvkr\" target=\"_blank\">Musteraufgabe 3<\/a><\/li>\n\n\n\n<li><a href=\"https:\/\/www.geogebra.org\/m\/csb6bj3n\" target=\"_blank\" rel=\"noreferrer noopener\">Musteraufgabe 4<\/a><\/li>\n<\/ol>\n\n\n\n<p><\/p>\n<p>Views: 892<\/p>","protected":false},"excerpt":{"rendered":"<p>Gravitationsfeld Elektrisches Feld Magnetisches Feld Ladungen in elektrischen und magnetischen Feldern Elektromagnetische Induktion Elektromagnetische Schwingungen Wellenoptik \u00c4u\u00dferer lichtelektrischer Effekt Kernphysik Views: 892<\/p>\n","protected":false},"author":1,"featured_media":0,"parent":36,"menu_order":12,"comment_status":"closed","ping_status":"closed","template":"","meta":{"footnotes":""},"class_list":["post-215","page","type-page","status-publish","hentry"],"_links":{"self":[{"href":"https:\/\/lemika.de\/index.php?rest_route=\/wp\/v2\/pages\/215","targetHints":{"allow":["GET"]}}],"collection":[{"href":"https:\/\/lemika.de\/index.php?rest_route=\/wp\/v2\/pages"}],"about":[{"href":"https:\/\/lemika.de\/index.php?rest_route=\/wp\/v2\/types\/page"}],"author":[{"embeddable":true,"href":"https:\/\/lemika.de\/index.php?rest_route=\/wp\/v2\/users\/1"}],"replies":[{"embeddable":true,"href":"https:\/\/lemika.de\/index.php?rest_route=%2Fwp%2Fv2%2Fcomments&post=215"}],"version-history":[{"count":13,"href":"https:\/\/lemika.de\/index.php?rest_route=\/wp\/v2\/pages\/215\/revisions"}],"predecessor-version":[{"id":1788,"href":"https:\/\/lemika.de\/index.php?rest_route=\/wp\/v2\/pages\/215\/revisions\/1788"}],"up":[{"embeddable":true,"href":"https:\/\/lemika.de\/index.php?rest_route=\/wp\/v2\/pages\/36"}],"wp:attachment":[{"href":"https:\/\/lemika.de\/index.php?rest_route=%2Fwp%2Fv2%2Fmedia&parent=215"}],"curies":[{"name":"wp","href":"https:\/\/api.w.org\/{rel}","templated":true}]}}