{"id":220,"date":"2020-03-11T08:12:46","date_gmt":"2020-03-11T08:12:46","guid":{"rendered":"https:\/\/hoeffler.org\/?page_id=220"},"modified":"2025-06-03T07:09:58","modified_gmt":"2025-06-03T07:09:58","slug":"ph-8","status":"publish","type":"page","link":"https:\/\/lemika.de\/?page_id=220","title":{"rendered":"Ph 8"},"content":{"rendered":"\n<p><strong>Thermodynamik<\/strong><\/p>\n\n\n\n<ol class=\"wp-block-list\">\n<li><a href=\"https:\/\/phet.colorado.edu\/sims\/html\/gases-intro\/latest\/gases-intro_de.html\" target=\"_blank\" rel=\"noreferrer noopener\">Temperatur und Teilchenbewegung (Simulation)<\/a><\/li>\n\n\n\n<li><a href=\"https:\/\/www.geogebra.org\/m\/m2jxk4zb\" target=\"_blank\" rel=\"noreferrer noopener\">\u00dc Temperatur ablesen<\/a><\/li>\n\n\n\n<li><a href=\"https:\/\/www.geogebra.org\/m\/dshdtzxf\" target=\"_blank\" rel=\"noreferrer noopener\">\u00dc Umrechnung von Temperaturen (\u00b0C &lt;\u2014&gt;K)<\/a><\/li>\n<\/ol>\n\n\n\n<p><strong>Logische Grundschaltungen<\/strong><\/p>\n\n\n\n<ol class=\"wp-block-list\">\n<li><a href=\"https:\/\/www.geogebra.org\/m\/k43grjhy\" target=\"_blank\" rel=\"noreferrer noopener\">UND- und ODER-Schaltung<\/a><\/li>\n<\/ol>\n\n\n\n<p><strong>Schaltung von Widerst\u00e4nden<\/strong><\/p>\n\n\n\n<ol class=\"wp-block-list\">\n<li><a aria-label=\"Schaltpl\u00e4ne zeichnen mit GeoGebra (\u00f6ffnet in neuem Tab)\" href=\"https:\/\/www.geogebra.org\/m\/FeuwyUjj\" target=\"_blank\" rel=\"noreferrer noopener\">Schaltpl\u00e4ne zeichnen mit GeoGebra<\/a><\/li>\n\n\n\n<li><a href=\"http:\/\/mackspace.de\/unterricht\/simulationen_physik\/stromkreise\/sv\/ohmsches_gesetz_sv.html\" target=\"_blank\" rel=\"noreferrer noopener\">Simulation (Mackspace.de): Ohmsches Gesetz<\/a><\/li>\n\n\n\n<li><a href=\"https:\/\/www.geogebra.org\/m\/u6s9qfth\">Ohmsches Gesetz (Experimentelle Auswertung)<\/a><\/li>\n\n\n\n<li><a href=\"https:\/\/www.geogebra.org\/m\/umfaejtu\" target=\"_blank\" rel=\"noreferrer noopener\">\u00dc Ohmsches Gesetz<\/a><\/li>\n\n\n\n<li><a href=\"https:\/\/www.geogebra.org\/m\/ewwhs3p2\" target=\"_blank\" rel=\"noreferrer noopener\">Reihenschaltung von Widerst\u00e4nden<\/a><\/li>\n\n\n\n<li><a aria-label=\"\u00dc Reihenschaltung von Widerst\u00e4nden (\u00f6ffnet in neuem Tab)\" href=\"https:\/\/www.geogebra.org\/m\/mbzq5ckc\" target=\"_blank\" rel=\"noreferrer noopener\">\u00dc Reihenschaltung von Widerst\u00e4nden<\/a> (Musteraufgaben)<\/li>\n\n\n\n<li><a href=\"https:\/\/www.geogebra.org\/m\/ztqnzrfm\" target=\"_blank\" rel=\"noreferrer noopener\">Parallelschaltung von Widerst\u00e4nden<\/a><\/li>\n\n\n\n<li><a aria-label=\"\u00dc Parallelschaltung von Widerst\u00e4nden (\u00f6ffnet in neuem Tab)\" href=\"https:\/\/www.geogebra.org\/m\/wy8ajxvu\" target=\"_blank\" rel=\"noreferrer noopener\">\u00dc Parallelschaltung von Widerst\u00e4nden<\/a> (Musteraufgaben)<\/li>\n<\/ol>\n\n\n\n<p><strong>Widerstandsgesetz<\/strong><\/p>\n\n\n\n<ol class=\"wp-block-list\">\n<li><a href=\"https:\/\/www.geogebra.org\/m\/trujgcbr\">\u00dc Widerstandsgesetz<\/a> Musteraufgaben<\/li>\n<\/ol>\n\n\n\n<p><strong>Elektrische Leistung und elektrische Energie<\/strong><\/p>\n\n\n\n<ol class=\"wp-block-list\">\n<li><a href=\"https:\/\/www.geogebra.org\/m\/s7whrg6h\">\u00dc Musteraufgaben<\/a><\/li>\n<\/ol>\n\n\n\n<p>weitere <strong>Simulationen<\/strong><\/p>\n\n\n\n<ol class=\"wp-block-list\">\n<li><a href=\"https:\/\/phet.colorado.edu\/sims\/html\/resistance-in-a-wire\/latest\/resistance-in-a-wire_de.html\" target=\"_blank\" rel=\"noreferrer noopener\">Widerstand in einem Kabel<\/a> (Simulation phet)<\/li>\n\n\n\n<li><a href=\"https:\/\/www.walter-fendt.de\/html5\/phde\/combinationresistors_de.htm\" target=\"_blank\" rel=\"noreferrer noopener\">Kombination von Widerst\u00e4nden<\/a><\/li>\n<\/ol>\n\n\n\n<p><\/p>\n\n\n\n<p>Stromkreis Baukasten (Gleich- und Wechselstrom). virtuelles Labor<\/p>\n\n\n\n<div style=\"position: relative; width: 300px; height: 197px;\"><a href=\"https:\/\/phet.colorado.edu\/sims\/circuit-construction-kit\/circuit-construction-kit-ac-virtual-lab_de.jar\" style=\"text-decoration: none;\"><img loading=\"lazy\" decoding=\"async\" src=\"https:\/\/phet.colorado.edu\/sims\/circuit-construction-kit\/circuit-construction-kit-ac-virtual-lab-600.png\" alt=\"Stromkreis Baukasten (Gleich- und Wechselstrom). virtuelles Labor\" style=\"border: none;\" width=\"300\" height=\"197\"><div style=\"position: absolute; width: 200px; height: 80px; left: 50px; top: 58px; background-color: #FFF; opacity: 0.6; filter: alpha(opacity = 60);\"><\/div><table style=\"position: absolute; width: 200px; height: 80px; left: 50px; top: 58px;\"><tbody><tr><td style=\"text-align: center; color: #000; font-size: 24px; font-family: Arial,sans-serif;\">Zum Starten klicken<\/td><\/tr><\/tbody><\/table><\/a><\/div>\n<p>Views: 1137<\/p>","protected":false},"excerpt":{"rendered":"<p>Thermodynamik Logische Grundschaltungen Schaltung von Widerst\u00e4nden Widerstandsgesetz Elektrische Leistung und elektrische Energie weitere Simulationen Stromkreis Baukasten (Gleich- und Wechselstrom). virtuelles Labor Zum Starten klicken Views: 1137<\/p>\n","protected":false},"author":1,"featured_media":0,"parent":36,"menu_order":8,"comment_status":"closed","ping_status":"closed","template":"","meta":{"footnotes":""},"class_list":["post-220","page","type-page","status-publish","hentry"],"_links":{"self":[{"href":"https:\/\/lemika.de\/index.php?rest_route=\/wp\/v2\/pages\/220","targetHints":{"allow":["GET"]}}],"collection":[{"href":"https:\/\/lemika.de\/index.php?rest_route=\/wp\/v2\/pages"}],"about":[{"href":"https:\/\/lemika.de\/index.php?rest_route=\/wp\/v2\/types\/page"}],"author":[{"embeddable":true,"href":"https:\/\/lemika.de\/index.php?rest_route=\/wp\/v2\/users\/1"}],"replies":[{"embeddable":true,"href":"https:\/\/lemika.de\/index.php?rest_route=%2Fwp%2Fv2%2Fcomments&post=220"}],"version-history":[{"count":34,"href":"https:\/\/lemika.de\/index.php?rest_route=\/wp\/v2\/pages\/220\/revisions"}],"predecessor-version":[{"id":1947,"href":"https:\/\/lemika.de\/index.php?rest_route=\/wp\/v2\/pages\/220\/revisions\/1947"}],"up":[{"embeddable":true,"href":"https:\/\/lemika.de\/index.php?rest_route=\/wp\/v2\/pages\/36"}],"wp:attachment":[{"href":"https:\/\/lemika.de\/index.php?rest_route=%2Fwp%2Fv2%2Fmedia&parent=220"}],"curies":[{"name":"wp","href":"https:\/\/api.w.org\/{rel}","templated":true}]}}