{"id":30,"date":"2020-02-19T10:54:13","date_gmt":"2020-02-19T10:54:13","guid":{"rendered":"http:\/\/hoeffler.org\/?page_id=30"},"modified":"2025-05-26T07:41:29","modified_gmt":"2025-05-26T07:41:29","slug":"ph-9","status":"publish","type":"page","link":"https:\/\/lemika.de\/?page_id=30","title":{"rendered":"Ph 9"},"content":{"rendered":"\n<p><strong>Kinematik<\/strong><\/p>\n\n\n\n<p class=\"has-small-font-size\"><strong>Geschwindigkeit als physikalische Gr\u00f6\u00dfe<\/strong><\/p>\n\n\n\n<ol class=\"wp-block-list\">\n<li><a href=\"https:\/\/www.geogebra.org\/m\/hhszgvdw\" target=\"_blank\" rel=\"noreferrer noopener\">Vorwissen Nawi Klasse 5<\/a><\/li>\n\n\n\n<li><a rel=\"noreferrer noopener\" href=\"https:\/\/www.geogebra.org\/m\/jr4mgezk\" target=\"_blank\">\u00dc Tropfenspur deuten<\/a><\/li>\n\n\n\n<li> <a rel=\"noreferrer noopener\" href=\"https:\/\/www.geogebra.org\/m\/yuak7kyb\" target=\"_blank\">\u00dc Umrechnung von Geschwindigkeiten<\/a> <\/li>\n<\/ol>\n\n\n\n<p class=\"has-small-font-size\"><strong>geradlinig gleichf\u00f6rmige Bewegung<\/strong><\/p>\n\n\n\n<ol class=\"wp-block-list\">\n<li><a href=\"https:\/\/mackspace.de\/unterricht\/simulationen_physik\/mechanik_sv_canvas\/translation_1.html\">Simulation SE gleichf\u00f6rmige Bewegungen<\/a> (MackSpace.de)<\/li>\n\n\n\n<li><a rel=\"noreferrer noopener\" href=\"https:\/\/www.geogebra.org\/m\/drm4gz25\" target=\"_blank\">Gleichf\u00f6rmige Bewegungen<\/a> (Animation und Interpretation der Diagramme)<\/li>\n\n\n\n<li><a rel=\"noreferrer noopener\" href=\"https:\/\/www.geogebra.org\/m\/hdynykmq\" target=\"_blank\">\u00dc Musteraufgaben (Gleichf\u00f6rmige Bewegungen<\/a>)<\/li>\n\n\n\n<li><a rel=\"noreferrer noopener\" aria-label=\"Diagramme lesen (zwei Fahrzeuge) (\u00f6ffnet in neuem Tab)\" href=\"https:\/\/www.geogebra.org\/m\/qmqtvqdg\" target=\"_blank\">Diagramme lesen I (zwei Fahrzeuge)<\/a> <br>Geschwindigkeiten ermitteln, Schnittpunkt interpretieren<\/li>\n\n\n\n<li><a rel=\"noreferrer noopener\" aria-label=\" (\u00f6ffnet in neuem Tab)\" href=\"https:\/\/www.geogebra.org\/m\/h644q6jq\" target=\"_blank\">Diagramme lesen II<\/a><br>mehrere Bewegungsabschnitte (s-t- und v-t-Diagramme)<\/li>\n<\/ol>\n\n\n\n<p class=\"has-small-font-size\"><strong>gleichm\u00e4\u00dfig beschleunigte Bewegung<\/strong><\/p>\n\n\n\n<ol class=\"wp-block-list\">\n<li><a rel=\"noreferrer noopener\" href=\"https:\/\/www.geogebra.org\/m\/dhvcq6fh\" target=\"_blank\">Anstieg und Fl\u00e4che im v-t-Diagramm<\/a><\/li>\n\n\n\n<li><a rel=\"noreferrer noopener\" href=\"https:\/\/www.geogebra.org\/m\/nwdftrk8\" target=\"_blank\">Gleichm\u00e4\u00dfig beschleunigte Bewegungen<\/a> (Animation und Interpretation der Diagramme)<\/li>\n\n\n\n<li><a rel=\"noreferrer noopener\" href=\"https:\/\/www.geogebra.org\/m\/tabnw7zq\" target=\"_blank\">\u00dc Beschleunigung und Geschwindigkeit mithilfe des s-t-Diagramms ermitteln<\/a> <\/li>\n\n\n\n<li><a href=\"https:\/\/www.geogebra.org\/m\/uksvupc4\" target=\"_blank\" rel=\"noreferrer noopener\">\u00dc Musteraufgaben (gleichm\u00e4\u00dfig beschleunigte Bewegungen)<\/a><\/li>\n\n\n\n<li><a href=\"https:\/\/www.geogebra.org\/m\/kg8ebvas\">Diagramme <\/a><a rel=\"noreferrer noopener\" aria-label=\"lesen  (\u00f6ffnet in neuem Tab)\" href=\"https:\/\/www.geogebra.org\/m\/kg8ebvas\" target=\"_blank\">lesen <\/a><a href=\"https:\/\/www.geogebra.org\/m\/kg8ebvas\">III<\/a><br>mehrere Bewegungsabschnitte (v-t- und a-t-Diagramme)<\/li>\n\n\n\n<li><a rel=\"noreferrer noopener\" aria-label=\" (\u00f6ffnet in neuem Tab)\" href=\"https:\/\/www.geogebra.org\/m\/z2aeunme\" target=\"_blank\">Diagramme lesen IV<\/a><br>mehrere Bewegungsabschnitte (s-t- und v-t-Diagramme)<\/li>\n<\/ol>\n\n\n\n<p class=\"has-small-font-size\"><strong>vermischte \u00dcbungen<\/strong><\/p>\n\n\n\n<ol class=\"wp-block-list\">\n<li><a rel=\"noreferrer noopener\" aria-label=\"\u00dc Bewegungsart mithilfe von Diagrammen erkennen (\u00f6ffnet in neuem Tab)\" href=\"https:\/\/www.geogebra.org\/m\/k8wfmjxx\" target=\"_blank\">\u00dc Bewegungsart mithilfe von Diagrammen erkennen<\/a><\/li>\n<\/ol>\n\n\n\n<p><strong>Freier Fall<\/strong><\/p>\n\n\n\n<ol class=\"wp-block-list\">\n<li><a href=\"https:\/\/mackspace.de\/unterricht\/simulationen_physik\/mechanik_sv_canvas\/freier_fall.html\">Experimente zum freien Fall <\/a>(mackspace.de)<\/li>\n\n\n\n<li><a href=\"https:\/\/www.geogebra.org\/m\/jn6rpasd\">Musteraufgaben<\/a><\/li>\n<\/ol>\n\n\n\n<p><strong>Dynamik<\/strong><\/p>\n\n\n\n<ol class=\"wp-block-list\">\n<li><a href=\"https:\/\/mackspace.de\/unterricht\/simulationen_physik\/mechanik_sv_canvas\/translation_3.html\" target=\"_blank\" rel=\"noreferrer noopener\">Mackspace: Simulation zum Newtonschen Grundgesetz<\/a><\/li>\n\n\n\n<li><a href=\"https:\/\/www.geogebra.org\/m\/cnbcxhzv\">Newtonsches Grundgesetz (Musteraufgaben)<\/a><\/li>\n\n\n\n<li><a href=\"https:\/\/www.geogebra.org\/m\/hrr95ffm\">Zusammengesetzte Kr\u00e4fte<\/a> (Kopiervorlage erstellen)<\/li>\n\n\n\n<li><a href=\"https:\/\/www.geogebra.org\/m\/ppuz5tc7\">\u00dc Kraftzerlegung an der geneigten Ebene<\/a> (Klasse 7)<\/li>\n\n\n\n<li><a href=\"https:\/\/www.geogebra.org\/m\/w2z67f7y\">Kr\u00e4fte zerlegen<\/a> (Kopiervorlage erstellen)<\/li>\n\n\n\n<li><a rel=\"noreferrer noopener\" aria-label=\"\u00dc Reibungskoeffizient ermitteln (\u00f6ffnet in neuem Tab)\" href=\"https:\/\/www.geogebra.org\/m\/ate9nydq\" target=\"_blank\">\u00dc Reibungskoeffizient ermitteln<\/a><\/li>\n\n\n\n<li><a rel=\"noreferrer noopener\" aria-label=\"\u00dc Kr\u00e4fte an der geneigten Ebene (Klasse 9) (\u00f6ffnet in neuem Tab)\" href=\"https:\/\/www.geogebra.org\/m\/k6rggsnu\" target=\"_blank\">\u00dc Kr\u00e4<\/a><a rel=\"noreferrer noopener\" aria-label=\"fte an der geneigten Ebene (Klasse 9) (\u00f6ffnet in neuem Tab)\" href=\"https:\/\/www.geogebra.org\/m\/zfvcdyey\" target=\"_blank\">fte an der geneigten Ebene (Klasse 9)<\/a><\/li>\n<\/ol>\n\n\n\n<p><strong>Magnetfelder<\/strong><\/p>\n\n\n\n<ol class=\"wp-block-list\">\n<li><a rel=\"noreferrer noopener\" href=\"https:\/\/www.walter-fendt.de\/html5\/phde\/magneticfieldbar_de.htm\" target=\"_blank\">Simulation: Magnetfeld eines Stabmagneten<\/a><\/li>\n\n\n\n<li><a rel=\"noreferrer noopener\" href=\"https:\/\/www.walter-fendt.de\/html5\/phde\/magneticfieldwire_de.htm\" target=\"_blank\">Simulation: Magnetfeld eines geraden stromdurchflossenen Leiters<\/a><\/li>\n\n\n\n<li><a rel=\"noreferrer noopener\" href=\"https:\/\/www.walter-fendt.de\/html5\/phde\/lorentzforce_de.htm\" target=\"_blank\">Simulation: Lorentzkraft auf einen stromdurchflossenen Leiter<\/a><\/li>\n\n\n\n<li><a rel=\"noreferrer noopener\" href=\"https:\/\/www.walter-fendt.de\/html5\/phde\/electricmotor_de.htm\" target=\"_blank\">Simulation: Gleichstrom-Elektromotor<\/a><\/li>\n\n\n\n<li><a href=\"https:\/\/youtu.be\/kbrvulEfuKA\" target=\"_blank\" rel=\"noreferrer noopener\">Aufbau und Wirkungsweise einer elektrischen Klingel (Video 2:04 min)<\/a><\/li>\n<\/ol>\n\n\n\n<p><strong>Elektromagentische Induktion<\/strong><\/p>\n\n\n\n<ol class=\"wp-block-list\">\n<li><a rel=\"noreferrer noopener\" href=\"https:\/\/www.walter-fendt.de\/html5\/phde\/generator_de.htm\" target=\"_blank\">Simulation Generator<\/a><\/li>\n<\/ol>\n<p>Views: 1964<\/p>","protected":false},"excerpt":{"rendered":"<p>Kinematik Geschwindigkeit als physikalische Gr\u00f6\u00dfe geradlinig gleichf\u00f6rmige Bewegung gleichm\u00e4\u00dfig beschleunigte Bewegung vermischte \u00dcbungen Freier Fall Dynamik Magnetfelder Elektromagentische Induktion Views: 1964<\/p>\n","protected":false},"author":1,"featured_media":0,"parent":36,"menu_order":9,"comment_status":"closed","ping_status":"closed","template":"","meta":{"footnotes":""},"class_list":["post-30","page","type-page","status-publish","hentry"],"_links":{"self":[{"href":"https:\/\/lemika.de\/index.php?rest_route=\/wp\/v2\/pages\/30","targetHints":{"allow":["GET"]}}],"collection":[{"href":"https:\/\/lemika.de\/index.php?rest_route=\/wp\/v2\/pages"}],"about":[{"href":"https:\/\/lemika.de\/index.php?rest_route=\/wp\/v2\/types\/page"}],"author":[{"embeddable":true,"href":"https:\/\/lemika.de\/index.php?rest_route=\/wp\/v2\/users\/1"}],"replies":[{"embeddable":true,"href":"https:\/\/lemika.de\/index.php?rest_route=%2Fwp%2Fv2%2Fcomments&post=30"}],"version-history":[{"count":47,"href":"https:\/\/lemika.de\/index.php?rest_route=\/wp\/v2\/pages\/30\/revisions"}],"predecessor-version":[{"id":1943,"href":"https:\/\/lemika.de\/index.php?rest_route=\/wp\/v2\/pages\/30\/revisions\/1943"}],"up":[{"embeddable":true,"href":"https:\/\/lemika.de\/index.php?rest_route=\/wp\/v2\/pages\/36"}],"wp:attachment":[{"href":"https:\/\/lemika.de\/index.php?rest_route=%2Fwp%2Fv2%2Fmedia&parent=30"}],"curies":[{"name":"wp","href":"https:\/\/api.w.org\/{rel}","templated":true}]}}