{"id":413,"date":"2020-09-29T14:49:21","date_gmt":"2020-09-29T14:49:21","guid":{"rendered":"https:\/\/hoeffler.org\/?page_id=413"},"modified":"2026-03-19T18:42:43","modified_gmt":"2026-03-19T18:42:43","slug":"ma-11","status":"publish","type":"page","link":"https:\/\/lemika.de\/?page_id=413","title":{"rendered":"Ma 11"},"content":{"rendered":"\n<p><strong>Wdh. 8 Lineare Funktionen<\/strong><\/p>\n\n\n\n<ol class=\"wp-block-list\">\n<li><a href=\"https:\/\/www.geogebra.org\/m\/njtwgvfn\">\u00dc Funktionsgleichung aus Graph ermitteln<\/a><\/li>\n\n\n\n<li><a href=\"https:\/\/www.geogebra.org\/m\/ejjza9aj\" target=\"_blank\" rel=\"noreferrer noopener\">\u00dc Eigenschaften linearer Funktionen<\/a><\/li>\n\n\n\n<li><a href=\"https:\/\/www.geogebra.org\/m\/w6a3faqx\">Fl\u00e4chengleichheit?<\/a><\/li>\n\n\n\n<li><a href=\"https:\/\/www.geogebra.org\/m\/aw7ahdma\">\u00dc Fehlende Koordinate eines Punktes berechnen<\/a><\/li>\n\n\n\n<li><a rel=\"noreferrer noopener\" href=\"https:\/\/www.geogebra.org\/m\/ptgnxgwm\" target=\"_blank\">\u00dc Berechnung der Funktionsgleichung aus zwei Punkten<\/a>&nbsp;(Schritt f\u00fcr Schritt)<\/li>\n\n\n\n<li><a rel=\"noreferrer noopener\" href=\"https:\/\/www.geogebra.org\/m\/wq4vphx8\" target=\"_blank\">\u00dc Orthogonale Gerade ermitteln<\/a><\/li>\n\n\n\n<li>\u00dc <a rel=\"noreferrer noopener\" href=\"https:\/\/www.geogebra.org\/m\/qbxutdyx\" target=\"_blank\">Schnittpunkt zweier Geraden ermitteln<\/a><\/li>\n\n\n\n<li><a href=\"https:\/\/www.geogebra.org\/m\/g7bdxekz\">\u00dc Steigungswinkel und Schnittwinkel von Geraden<\/a><\/li>\n<\/ol>\n\n\n\n<p><strong>Koordinatengeometrie<\/strong><\/p>\n\n\n\n<ol class=\"wp-block-list\">\n<li><a href=\"https:\/\/www.geogebra.org\/m\/nxvaayjf\">\u00dc Berechnung von Steigung und Steigungswinkel<\/a><\/li>\n\n\n\n<li><a href=\"https:\/\/www.geogebra.org\/m\/fve77hhf\">\u00dc Umwandlung von Geradengleichungen<\/a> I<\/li>\n\n\n\n<li><a href=\"https:\/\/www.geogebra.org\/m\/ghzmqeru\">\u00dc Umwandlung von Geradengleichungen II<\/a><\/li>\n\n\n\n<li><a href=\"https:\/\/www.geogebra.org\/m\/fresetyr\">\u00dc Berechnungen am Dreieck I<\/a><\/li>\n\n\n\n<li><a href=\"https:\/\/www.geogebra.org\/m\/h4v6nets\">\u00dc Dreieck zum Parallelogramm erg\u00e4nzen<\/a><\/li>\n\n\n\n<li><a href=\"https:\/\/www.geogebra.org\/m\/xayngwfg\">\u00dc Kreistangenten I<\/a><\/li>\n\n\n\n<li><a href=\"https:\/\/www.geogebra.org\/m\/cet6vw9a\">\u00dc Berechnung des Umkreismittelpunktes<\/a><\/li>\n<\/ol>\n\n\n\n<p><strong>Potenzfunktionen<\/strong><\/p>\n\n\n\n<ol class=\"wp-block-list\">\n<li><a aria-label=\"Gemeinsamkeiten und Unterschiede erfassen (\u00f6ffnet in neuem Tab)\" href=\"https:\/\/www.geogebra.org\/m\/de59P6yq\" target=\"_blank\" rel=\"noreferrer noopener\">Gemeinsamkeiten und Unterschiede erfassen<\/a><\/li>\n\n\n\n<li><a rel=\"noreferrer noopener\" aria-label=\"Parameter mithilfe des Graphen erfassen (\u00f6ffnet in neuem Tab)\" href=\"https:\/\/www.geogebra.org\/m\/Tb7H2Nfn\" target=\"_blank\">Parameter mithilfe des Graphen erfassen<\/a><\/li>\n\n\n\n<li><a href=\"https:\/\/www.geogebra.org\/m\/abebypsj\" target=\"_blank\" rel=\"noreferrer noopener\">\u00dc Eigenschaften der Potenzfunktionen bzw. ihrer Graphen<\/a><\/li>\n<\/ol>\n\n\n\n<p><strong>Ganzrationale Funktionen<\/strong><\/p>\n\n\n\n<ol class=\"wp-block-list\">\n<li><a rel=\"noreferrer noopener\" href=\"https:\/\/www.geogebra.org\/m\/hvsquyxy\" target=\"_blank\">\u00dc Grad und Koeffizienten ermitteln<\/a><\/li>\n\n\n\n<li><a href=\"https:\/\/www.geogebra.org\/m\/vsath83r\">Binomischer Satz<\/a><\/li>\n\n\n\n<li><a href=\"https:\/\/www.geogebra.org\/m\/wmvwucqv\">\u00dc Verschiebung von Graphen nach links\/rechts<\/a><\/li>\n\n\n\n<li><a rel=\"noreferrer noopener\" href=\"https:\/\/www.geogebra.org\/m\/r6tansym\" target=\"_blank\">Symmetrie von Funktionsgraphen<\/a><\/li>\n\n\n\n<li><a href=\"https:\/\/www.geogebra.org\/m\/dze3fmdf\">T\u00dc 11\/01<\/a><\/li>\n\n\n\n<li><a href=\"https:\/\/www.geogebra.org\/m\/eqartrtr\">\u00dc Biquadratische Gleichungen<\/a><\/li>\n\n\n\n<li><a href=\"https:\/\/youtu.be\/RfHpiZE8qs8\">Video Polynomdivision<\/a><\/li>\n\n\n\n<li><a href=\"https:\/\/www.geogebra.org\/m\/przdxyak\">\u00dc Polynomdivision<\/a><\/li>\n\n\n\n<li><a href=\"https:\/\/www.geogebra.org\/m\/f42jjj44\">T\u00dc 11\/02<\/a><\/li>\n\n\n\n<li><a href=\"https:\/\/www.geogebra.org\/m\/zcsyxuq8\">Funktionsgleichung ermitteln<\/a> (Linearfaktorzerlegung)<\/li>\n\n\n\n<li><a href=\"https:\/\/www.geogebra.org\/m\/dtx4aj43\">\u00dc Hornerschema<\/a><\/li>\n\n\n\n<li><a href=\"https:\/\/www.geogebra.org\/m\/pjr7kxut\">\u00dc Gleichungen h\u00f6heren Grades l\u00f6sen<\/a><\/li>\n\n\n\n<li><a href=\"https:\/\/www.geogebra.org\/m\/gmyq3xp8\" target=\"_blank\" rel=\"noreferrer noopener\">\u00dc Mittlere \u00c4nderungsrate ermitteln<\/a><\/li>\n\n\n\n<li><a rel=\"noreferrer noopener\" href=\"https:\/\/www.geogebra.org\/m\/temnen5e\" target=\"_blank\">Von der mittleren zur lokalen \u00c4nderungsrate<\/a><\/li>\n\n\n\n<li><a rel=\"noreferrer noopener\" href=\"https:\/\/www.geogebra.org\/m\/aahbhyym\" target=\"_blank\">Graph der Ableitungsfunktion zeichnerisch ermitteln<\/a><\/li>\n\n\n\n<li><a rel=\"noreferrer noopener\" href=\"https:\/\/www.geogebra.org\/m\/usc5n2gx\" target=\"_blank\">\u00dc Graph der Ableitungsfunktion skizzieren (qualitativ)<\/a><\/li>\n\n\n\n<li><a rel=\"noreferrer noopener\" href=\"https:\/\/www.geogebra.org\/m\/put4d4rg\" target=\"_blank\">\u00dc Graph von f bzw. f\u00b4ermitteln<\/a><\/li>\n\n\n\n<li><a rel=\"noreferrer noopener\" href=\"https:\/\/www.geogebra.org\/m\/rsrnhd2t\" target=\"_blank\">Erste Ableitung mithilfe der h-Methode ermitteln<\/a><\/li>\n\n\n\n<li><a rel=\"noreferrer noopener\" href=\"https:\/\/www.geogebra.org\/m\/fyxd7bbf\" target=\"_blank\">\u00dc Einfache Ableitungsregeln<\/a><\/li>\n\n\n\n<li><a rel=\"noreferrer noopener\" href=\"https:\/\/www.geogebra.org\/m\/ym8bzgmm\" target=\"_blank\">\u00dc Funktionsgleichung zuordnen<\/a><\/li>\n<\/ol>\n\n\n\n<p><strong>Mittlere und lokale \u00c4nderungsrate<\/strong><\/p>\n\n\n\n<ol class=\"wp-block-list\">\n<li><a rel=\"noreferrer noopener\" href=\"https:\/\/www.geogebra.org\/m\/fxbpjtvu\" target=\"_blank\">\u00dc Mittlere \u00c4nderungsrate (grafisch)<\/a><\/li>\n\n\n\n<li><a href=\"https:\/\/www.geogebra.org\/m\/gmyq3xp8\" target=\"_blank\" rel=\"noreferrer noopener\">\u00dc Mittlere \u00c4nderungsrate (rechnerisch)<\/a><\/li>\n\n\n\n<li><a rel=\"noreferrer noopener\" href=\"https:\/\/www.geogebra.org\/m\/qjs2nkpg\" target=\"_blank\">\u00dc Lokale \u00c4nderungsrate (grafisch)<\/a><\/li>\n\n\n\n<li><a rel=\"noreferrer noopener\" href=\"https:\/\/www.geogebra.org\/m\/tpusjhzk\" target=\"_blank\">\u00dc Inhaltliche Interpretation von \u00c4nderungsraten<\/a><\/li>\n\n\n\n<li><a rel=\"noreferrer noopener\" href=\"https:\/\/www.geogebra.org\/m\/temnen5e\" target=\"_blank\">Von der mittleren zur lokalen \u00c4nderungsrate<\/a><\/li>\n\n\n\n<li><a href=\"https:\/\/www.geogebra.org\/m\/zjrmg6f9\">\u00dc Grundwissen Analysis 01<\/a><\/li>\n<\/ol>\n\n\n\n<p><strong>Differentialrechnung<\/strong><\/p>\n\n\n\n<ol class=\"wp-block-list\">\n<li><a rel=\"noreferrer noopener\" href=\"https:\/\/www.geogebra.org\/m\/rsrnhd2t\" target=\"_blank\">Ableitung mithilfe der h-Methode (Anleitung)<\/a><\/li>\n\n\n\n<li><a rel=\"noreferrer noopener\" href=\"https:\/\/www.geogebra.org\/m\/betg24vm\" target=\"_blank\">Ableitungsregeln<\/a> (Konstantenregel, Potenzregel, Faktorregel: Veranschaulichung am Graphen)<\/li>\n\n\n\n<li><a rel=\"noreferrer noopener\" href=\"https:\/\/www.geogebra.org\/m\/vvqcxmxr\" target=\"_blank\">Ableitungsregeln II<\/a> (Potenzregel und Faktorregel))<\/li>\n\n\n\n<li><a rel=\"noreferrer noopener\" href=\"https:\/\/www.geogebra.org\/m\/k5xgwky6\" target=\"_blank\">Ableitungsregeln III<\/a> (Summenregel, Kettenregel)<\/li>\n\n\n\n<li><a rel=\"noreferrer noopener\" href=\"https:\/\/www.geogebra.org\/m\/yyx5tw8s\" target=\"_blank\">Ableitung der trigonometrischen Funktionen (grafisch)<\/a><\/li>\n\n\n\n<li><a rel=\"noreferrer noopener\" href=\"https:\/\/www.geogebra.org\/m\/sayqux7a\" target=\"_blank\">Ableitungsregeln IV<\/a> (Produktregel)<\/li>\n\n\n\n<li><a href=\"https:\/\/www.geogebra.org\/m\/kauwgkhd\" target=\"_blank\" rel=\"noreferrer noopener\">Ableitungsregeln V<\/a> (Kettenregel)<\/li>\n<\/ol>\n\n\n\n<p><strong>Kurvenuntersuchungen<\/strong><\/p>\n\n\n\n<ol class=\"wp-block-list\">\n<li><a rel=\"noreferrer noopener\" href=\"https:\/\/www.geogebra.org\/m\/df52nfhz\" target=\"_blank\">\u00dc Steigung im Punkt<\/a><\/li>\n\n\n\n<li><a rel=\"noreferrer noopener\" href=\"https:\/\/www.geogebra.org\/m\/avesbpfc\" target=\"_blank\">\u00dc Tangenten und Normalen<\/a><\/li>\n\n\n\n<li><a rel=\"noreferrer noopener\" href=\"https:\/\/www.geogebra.org\/m\/rqppqgaz\" target=\"_blank\">\u00dc Schnittwinkel berechnen<\/a><\/li>\n\n\n\n<li><a rel=\"noreferrer noopener\" href=\"https:\/\/www.geogebra.org\/m\/quxvv5b9\" target=\"_blank\">Monotonie und erste Ableitung<\/a><\/li>\n\n\n\n<li><a rel=\"noreferrer noopener\" href=\"https:\/\/www.geogebra.org\/m\/g6jxctyr\" target=\"_blank\">\u00dc Berechnung der Extrempunkte<\/a><\/li>\n\n\n\n<li><a rel=\"noreferrer noopener\" href=\"https:\/\/www.geogebra.org\/m\/bj8zhefc\" target=\"_blank\">\u00dc Kurvenuntersuchung<\/a> (unbekannter Bug, Fehlermeldung einfach \u00fcbergehen)<\/li>\n<\/ol>\n\n\n\n<p><strong>Rekonstruktion von Funktionen<\/strong><\/p>\n\n\n\n<ol class=\"wp-block-list\">\n<li><a href=\"https:\/\/youtu.be\/-I1Mr_dT4mQ\">Video: Rekonstruktion von Funktionen (hilfsmittelfrei)<\/a><\/li>\n\n\n\n<li><a rel=\"noreferrer noopener\" href=\"https:\/\/youtu.be\/D2QYB-zy8Gg\" target=\"_blank\">Video: Rekonstruktion von Funktionen (mit TI-Nspire CAS)<\/a><\/li>\n\n\n\n<li><a rel=\"noreferrer noopener\" href=\"https:\/\/www.geogebra.org\/m\/nzb2ad9f\" target=\"_blank\">\u00dc Rekonstruktion von Funktionen<\/a><\/li>\n<\/ol>\n\n\n\n<p><strong>Extremwertaufgaben<\/strong><\/p>\n\n\n\n<ol class=\"wp-block-list\">\n<li><a rel=\"noreferrer noopener\" href=\"https:\/\/www.geogebra.org\/m\/uktqsma9\" target=\"_blank\">Einf\u00fchrungsbeispiel (oben offenen Schachtel)<\/a><\/li>\n\n\n\n<li><a rel=\"noreferrer noopener\" href=\"https:\/\/www.geogebra.org\/m\/xufruqj4\" target=\"_blank\">Kaninchengehege (Klasse 9)<\/a><\/li>\n\n\n\n<li><a rel=\"noreferrer noopener\" href=\"https:\/\/www.geogebra.org\/m\/hbwsumsb\" target=\"_blank\">Stadionaufgabe (Klasse 9)<\/a><\/li>\n\n\n\n<li><a href=\"https:\/\/www.geogebra.org\/m\/xf9m5vry\" target=\"_blank\" rel=\"noreferrer noopener\">Werkhalle<\/a><\/li>\n<\/ol>\n\n\n\n<p><strong>Stochastik<\/strong><\/p>\n\n\n\n<ol class=\"wp-block-list\">\n<li><a href=\"https:\/\/www.geogebra.org\/m\/hrcazsbw\" target=\"_blank\" rel=\"noreferrer noopener\">Bedingte Wahrscheinlichkeiten<\/a><br>(Vom Baumdiagramm zu den Gleichungen)<\/li>\n\n\n\n<li><a href=\"https:\/\/www.geogebra.org\/m\/eektfnvz\">Das Geburtstagsproblem<\/a><\/li>\n<\/ol>\n\n\n\n<p><\/p>\n<p>Views: 3182<\/p>","protected":false},"excerpt":{"rendered":"<p>Wdh. 8 Lineare Funktionen Koordinatengeometrie Potenzfunktionen Ganzrationale Funktionen Mittlere und lokale \u00c4nderungsrate Differentialrechnung Kurvenuntersuchungen Rekonstruktion von Funktionen Extremwertaufgaben Stochastik Views: 3182<\/p>\n","protected":false},"author":1,"featured_media":0,"parent":48,"menu_order":11,"comment_status":"closed","ping_status":"closed","template":"","meta":{"footnotes":""},"class_list":["post-413","page","type-page","status-publish","hentry"],"_links":{"self":[{"href":"https:\/\/lemika.de\/index.php?rest_route=\/wp\/v2\/pages\/413","targetHints":{"allow":["GET"]}}],"collection":[{"href":"https:\/\/lemika.de\/index.php?rest_route=\/wp\/v2\/pages"}],"about":[{"href":"https:\/\/lemika.de\/index.php?rest_route=\/wp\/v2\/types\/page"}],"author":[{"embeddable":true,"href":"https:\/\/lemika.de\/index.php?rest_route=\/wp\/v2\/users\/1"}],"replies":[{"embeddable":true,"href":"https:\/\/lemika.de\/index.php?rest_route=%2Fwp%2Fv2%2Fcomments&post=413"}],"version-history":[{"count":81,"href":"https:\/\/lemika.de\/index.php?rest_route=\/wp\/v2\/pages\/413\/revisions"}],"predecessor-version":[{"id":2206,"href":"https:\/\/lemika.de\/index.php?rest_route=\/wp\/v2\/pages\/413\/revisions\/2206"}],"up":[{"embeddable":true,"href":"https:\/\/lemika.de\/index.php?rest_route=\/wp\/v2\/pages\/48"}],"wp:attachment":[{"href":"https:\/\/lemika.de\/index.php?rest_route=%2Fwp%2Fv2%2Fmedia&parent=413"}],"curies":[{"name":"wp","href":"https:\/\/api.w.org\/{rel}","templated":true}]}}