{"id":433,"date":"2020-10-26T09:35:03","date_gmt":"2020-10-26T09:35:03","guid":{"rendered":"https:\/\/hoeffler.org\/?page_id=433"},"modified":"2025-01-01T11:08:06","modified_gmt":"2025-01-01T11:08:06","slug":"ph-10","status":"publish","type":"page","link":"https:\/\/lemika.de\/?page_id=433","title":{"rendered":"Ph 10"},"content":{"rendered":"\n<p><strong>Energieumwandlungen<\/strong><\/p>\n\n\n\n<ol class=\"wp-block-list\">\n<li><a href=\"https:\/\/phet.colorado.edu\/sims\/html\/energy-skate-park-basics\/latest\/energy-skate-park-basics_de.html\" target=\"_blank\" rel=\"noreferrer noopener\">Simulation Skaterpark<\/a><\/li>\n\n\n\n<li><a rel=\"noreferrer noopener\" href=\"https:\/\/www.geogebra.org\/m\/qcyadeck\" target=\"_blank\">\u00dc Energieumwandlungen beim Bremsen<\/a><\/li>\n\n\n\n<li><a rel=\"noreferrer noopener\" href=\"https:\/\/www.geogebra.org\/m\/pwbsbktx\" target=\"_blank\">\u00dc Mischungstemperatur<\/a><\/li>\n<\/ol>\n\n\n\n<p><strong>Mechanische Schwingungen<\/strong><\/p>\n\n\n\n<ol class=\"wp-block-list\">\n<li><a rel=\"noreferrer noopener\" href=\"https:\/\/www.walter-fendt.de\/html5\/phde\/pendulum_de.htm\" target=\"_blank\">Simulation Fadenpendel (Walter Fendt)<\/a><\/li>\n\n\n\n<li><a rel=\"noreferrer noopener\" href=\"https:\/\/www.geogebra.org\/m\/pjphmmjm\" target=\"_blank\">\u00dc Kenngr\u00f6\u00dfen einer Schwingung aus dem Diagramm ermitteln<\/a><\/li>\n\n\n\n<li><a href=\"https:\/\/mackspace.de\/unterricht\/simulationen_physik\/schwingungen_sv_canvas\/pendel_1.html\">Simulation SE Fadenpendel (MackSpace.de)<\/a><\/li>\n\n\n\n<li><a href=\"https:\/\/www.geogebra.org\/m\/gejdzwwj\">\u00dc Berechnungen am Fadenpendel<\/a><\/li>\n<\/ol>\n\n\n\n<p><strong>Mechanische Wellen<\/strong><\/p>\n\n\n\n<ol class=\"wp-block-list\">\n<li><a rel=\"noreferrer noopener\" href=\"https:\/\/www.geogebra.org\/m\/ZyJzxap2\" target=\"_blank\">\u00dc Kenngr\u00f6\u00dfen einer Welle aus den Diagrammen ermitteln<\/a><\/li>\n\n\n\n<li><a rel=\"noreferrer noopener\" href=\"https:\/\/www.walter-fendt.de\/html5\/phde\/dopplereffect_de.htm\" target=\"_blank\">Simulation Dopplereffekt<\/a> (Walter Fendt)<\/li>\n\n\n\n<li><a rel=\"noreferrer noopener\" href=\"https:\/\/www.geogebra.org\/m\/hawx5aau\" target=\"_blank\">Visualisierung Interferenz<\/a><\/li>\n<\/ol>\n\n\n\n<p><strong>Optik<\/strong><\/p>\n\n\n\n<ol class=\"wp-block-list\">\n<li><a rel=\"noreferrer noopener\" href=\"https:\/\/www.geogebra.org\/m\/vcpaaknv\" target=\"_blank\">Mindestgr\u00f6\u00dfe des Spiegels<\/a><\/li>\n\n\n\n<li><a rel=\"noreferrer noopener\" href=\"https:\/\/www.geogebra.org\/m\/myeuumgw\" target=\"_blank\">Reflexion am Parabolspiegel<\/a><\/li>\n\n\n\n<li><a href=\"https:\/\/www.geogebra.org\/m\/mpsrgdzx\">Brechung an Grenzfl\u00e4chen zweier Medien (Simulation)<\/a><\/li>\n\n\n\n<li><a href=\"https:\/\/www.geogebra.org\/m\/gnnzaf3a\">\u00dc Berechnungen zum Brechungsgesetz<\/a><\/li>\n\n\n\n<li><a href=\"https:\/\/www.geogebra.org\/m\/ybqcfe45\">Bildentstehung an Sammellinsen<\/a><\/li>\n\n\n\n<li><a href=\"https:\/\/www.geogebra.org\/m\/happfkq7\">Additive Farbmischung<\/a><\/li>\n\n\n\n<li><a href=\"https:\/\/www.geogebra.org\/m\/jgh27srf\">\u00dc Umwandlung der Zahlensysteme<\/a><\/li>\n<\/ol>\n\n\n\n<p><strong>allgemein<\/strong><\/p>\n\n\n\n<ol class=\"wp-block-list\">\n<li><a href=\"https:\/\/www.geogebra.org\/m\/cmkemehh\" target=\"_blank\" rel=\"noreferrer noopener\">Proportionalit\u00e4t vermuten<\/a><\/li>\n<\/ol>\n\n\n\n<p><\/p>\n<p>Views: 1396<\/p>","protected":false},"excerpt":{"rendered":"<p>Energieumwandlungen Mechanische Schwingungen Mechanische Wellen Optik allgemein Views: 1396<\/p>\n","protected":false},"author":1,"featured_media":0,"parent":36,"menu_order":10,"comment_status":"closed","ping_status":"closed","template":"","meta":{"footnotes":""},"class_list":["post-433","page","type-page","status-publish","hentry"],"_links":{"self":[{"href":"https:\/\/lemika.de\/index.php?rest_route=\/wp\/v2\/pages\/433","targetHints":{"allow":["GET"]}}],"collection":[{"href":"https:\/\/lemika.de\/index.php?rest_route=\/wp\/v2\/pages"}],"about":[{"href":"https:\/\/lemika.de\/index.php?rest_route=\/wp\/v2\/types\/page"}],"author":[{"embeddable":true,"href":"https:\/\/lemika.de\/index.php?rest_route=\/wp\/v2\/users\/1"}],"replies":[{"embeddable":true,"href":"https:\/\/lemika.de\/index.php?rest_route=%2Fwp%2Fv2%2Fcomments&post=433"}],"version-history":[{"count":20,"href":"https:\/\/lemika.de\/index.php?rest_route=\/wp\/v2\/pages\/433\/revisions"}],"predecessor-version":[{"id":1839,"href":"https:\/\/lemika.de\/index.php?rest_route=\/wp\/v2\/pages\/433\/revisions\/1839"}],"up":[{"embeddable":true,"href":"https:\/\/lemika.de\/index.php?rest_route=\/wp\/v2\/pages\/36"}],"wp:attachment":[{"href":"https:\/\/lemika.de\/index.php?rest_route=%2Fwp%2Fv2%2Fmedia&parent=433"}],"curies":[{"name":"wp","href":"https:\/\/api.w.org\/{rel}","templated":true}]}}