{"id":51,"date":"2020-02-19T11:36:21","date_gmt":"2020-02-19T11:36:21","guid":{"rendered":"http:\/\/hoeffler.org\/?page_id=51"},"modified":"2025-08-28T16:31:32","modified_gmt":"2025-08-28T16:31:32","slug":"ma-9","status":"publish","type":"page","link":"https:\/\/lemika.de\/?page_id=51","title":{"rendered":"Ma 9"},"content":{"rendered":"\n<p><strong>Basiswissen 8<\/strong><\/p>\n\n\n\n<ol class=\"wp-block-list\">\n<li><a href=\"https:\/\/www.geogebra.org\/m\/cx3ntwrx\">\u00dcbung1 (Bruchrechnen, Rechnen mit Vorzeichen, Lineare Funktionen)<\/a><\/li>\n<\/ol>\n\n\n\n<p><strong>T\u00e4gliche \u00dcbungen<\/strong><\/p>\n\n\n\n<div class=\"wp-block-columns is-layout-flex wp-container-core-columns-is-layout-28f84493 wp-block-columns-is-layout-flex\">\n<div class=\"wp-block-column is-layout-flow wp-block-column-is-layout-flow\">\n<ol class=\"wp-block-list\">\n<li><a rel=\"noreferrer noopener\" href=\"https:\/\/www.geogebra.org\/m\/zgzs5hym\" target=\"_blank\">T\u00dc 07_01<\/a><\/li>\n\n\n\n<li><a rel=\"noreferrer noopener\" href=\"https:\/\/www.geogebra.org\/m\/yffqajbh\" target=\"_blank\">T\u00dc 07_02<\/a><\/li>\n\n\n\n<li><a rel=\"noreferrer noopener\" href=\"https:\/\/www.geogebra.org\/m\/una9cdcq\" target=\"_blank\">T\u00dc 07_03<\/a><\/li>\n\n\n\n<li><a rel=\"noreferrer noopener\" href=\"https:\/\/www.geogebra.org\/m\/rx93b2xx\" target=\"_blank\">T\u00dc 07_04<\/a><\/li>\n\n\n\n<li><a rel=\"noreferrer noopener\" href=\"https:\/\/www.geogebra.org\/m\/npuq9ddn\" target=\"_blank\">T\u00dc 07_05<\/a><\/li>\n\n\n\n<li><a rel=\"noreferrer noopener\" href=\"https:\/\/www.geogebra.org\/m\/nnamayex\" target=\"_blank\">T\u00dc 07_06<\/a><\/li>\n\n\n\n<li><a rel=\"noreferrer noopener\" href=\"https:\/\/www.geogebra.org\/m\/gaz65gne\" target=\"_blank\">T\u00dc 07_07<\/a><\/li>\n\n\n\n<li><a rel=\"noreferrer noopener\" href=\"https:\/\/www.geogebra.org\/m\/gaz65gne\" target=\"_blank\">T\u00dc 07_08<\/a><\/li>\n<\/ol>\n<\/div>\n\n\n\n<div class=\"wp-block-column is-layout-flow wp-block-column-is-layout-flow\">\n<ol class=\"wp-block-list\">\n<li><a rel=\"noreferrer noopener\" href=\"https:\/\/www.geogebra.org\/m\/esjmzkvv\" target=\"_blank\">T\u00dc 08_01<\/a><\/li>\n\n\n\n<li><a rel=\"noreferrer noopener\" href=\"https:\/\/www.geogebra.org\/m\/t9acyqzm\" target=\"_blank\">T\u00dc 08_02<\/a><\/li>\n<\/ol>\n<\/div>\n<\/div>\n\n\n\n<p><strong>Terme und Gleichungen<\/strong><\/p>\n\n\n\n<ol class=\"wp-block-list\">\n<li><a href=\"https:\/\/www.geogebra.org\/m\/wmg2kbh6\">\u00dc Multiplizieren\/Faktorisieren<\/a> (Binomische Formeln, Kopiervorlage)<\/li>\n<\/ol>\n\n\n\n<p><strong>Reelle Zahlen<\/strong><\/p>\n\n\n\n<ol class=\"wp-block-list\">\n<li><a rel=\"noreferrer noopener\" href=\"https:\/\/www.geogebra.org\/m\/bmdktysh\" target=\"_blank\">\u00dcberblick Zahlenbereiche<\/a><\/li>\n\n\n\n<li><a rel=\"noreferrer noopener\" href=\"https:\/\/www.geogebra.org\/m\/z8k5ywyk\" target=\"_blank\">\u00dc Zahlen den Bereichen zuordnen<\/a><\/li>\n\n\n\n<li><a href=\"https:\/\/www.geogebra.org\/m\/bz8fbg3f\">\u00dc Quadratzahlen erkennen<\/a><\/li>\n\n\n\n<li><a rel=\"noreferrer noopener\" aria-label=\"\u00dc Potenzen und Wurzeln berechne (\u00f6ffnet in neuem Tab)\" href=\"https:\/\/www.geogebra.org\/m\/qhctdfzp\" target=\"_blank\">\u00dc Potenzen und Wurzeln berechnen<\/a> (ohne Hilfsmittel)<\/li>\n\n\n\n<li><a rel=\"noreferrer noopener\" aria-label=\"\u00dc Potenzen mit ganzen Hochzahlen berechnen (\u00f6ffnet in neuem Tab)\" href=\"https:\/\/www.geogebra.org\/m\/dvczbv2a\" target=\"_blank\">\u00dc Potenzen mit ganzen Hochzahlen berechnen<\/a> (ohne Hilfsmittel)<\/li>\n\n\n\n<li><a rel=\"noreferrer noopener\" aria-label=\"\u00dc Potenzgesetze (\u00f6ffnet in neuem Tab)\" href=\"https:\/\/www.geogebra.org\/m\/smdxmbzf\" target=\"_blank\">\u00dc Potenzgesetze<\/a><\/li>\n\n\n\n<li><a rel=\"noreferrer noopener\" aria-label=\"\u00dc Teilweises Wurzelziehen (\u00f6ffnet in neuem Tab)\" href=\"https:\/\/www.geogebra.org\/m\/fmq8ftbg\" target=\"_blank\">\u00dc Teilweises Wurzelziehen<\/a><\/li>\n\n\n\n<li><a rel=\"noreferrer noopener\" aria-label=\"\u00dc Rationalmachen des Nenners (\u00f6ffnet in neuem Tab)\" href=\"https:\/\/www.geogebra.org\/m\/fq9kmcm3\" target=\"_blank\">\u00dc Rationalmachen des Nenners<\/a><\/li>\n\n\n\n<li><a rel=\"noreferrer noopener\" href=\"https:\/\/www.geogebra.org\/m\/tf4abvus\" target=\"_blank\">\u00dc Heronverfahren<\/a><\/li>\n\n\n\n<li><a href=\"https:\/\/www.geogebra.org\/m\/haaaucmx\">\u00dc Intervallschachtelung<\/a><\/li>\n\n\n\n<li><a href=\"https:\/\/www.geogebra.org\/m\/sc89ve2c\">\u00dc n-te Wurzel ziehen<\/a> (hilfsmittelfrei)<\/li>\n\n\n\n<li><a rel=\"noreferrer noopener\" href=\"https:\/\/www.geogebra.org\/m\/pdw55wdn\" target=\"_blank\">\u00dc Wurzelgleichungen I<\/a><\/li>\n\n\n\n<li><a rel=\"noreferrer noopener\" href=\"https:\/\/www.geogebra.org\/m\/kmzagn84\" target=\"_blank\">\u00dc Wurzelgleichungen II<\/a><\/li>\n<\/ol>\n\n\n\n<p><strong>Lineare Gleichungssysteme<\/strong><\/p>\n\n\n\n<ol class=\"wp-block-list\">\n<li><a href=\"https:\/\/youtu.be\/a81OjWQ2nSc\">Video: LGS grafisch l\u00f6sen (06:56 min)<\/a><\/li>\n\n\n\n<li><a rel=\"noreferrer noopener\" href=\"https:\/\/www.geogebra.org\/m\/qbxutdyx\" target=\"_blank\">Schnittpunkt zweier Geraden ermitteln<\/a><\/li>\n\n\n\n<li><a href=\"https:\/\/youtu.be\/YjgOhic7Kos\" target=\"_blank\" rel=\"noreferrer noopener\">Video: Gleichsetzungsverfahren<\/a><\/li>\n\n\n\n<li><a href=\"https:\/\/youtu.be\/OY1a5NFh8lM\" target=\"_blank\" rel=\"noreferrer noopener\">Video: Additionsverfahren<\/a><\/li>\n\n\n\n<li><a rel=\"noreferrer noopener\" href=\"https:\/\/www.geogebra.org\/m\/jya4bwxr\" target=\"_blank\">\u00dc Additionsverfahren<\/a> <\/li>\n\n\n\n<li><a href=\"https:\/\/youtu.be\/B-dtggNnn-8\" target=\"_blank\" rel=\"noreferrer noopener\">Video: Gleichungssysteme mit GeoGebra l\u00f6sen<\/a><\/li>\n\n\n\n<li><a rel=\"noreferrer noopener\" href=\"https:\/\/www.geogebra.org\/m\/cgg4y5jw\" target=\"_blank\">\u00dc Berechnung der Funktionsgleichung aus zwei Punkten<\/a> (Additionsverfahren)<\/li>\n\n\n\n<li><a href=\"https:\/\/www.geogebra.org\/m\/trx79vwd\">\u00dc L\u00f6sbarkeit linearer Gleichungssysteme<\/a><br>Musteraufgaben zu Nr. 8<br>\n<table id=\"tablepress-1\" class=\"tablepress tablepress-id-1\">\n<thead>\n<tr class=\"row-1\">\n\t<td class=\"column-1\"><\/td><th class=\"column-2\">Gruppe A<\/th><th class=\"column-3\">Gruppe B<\/th>\n<\/tr>\n<\/thead>\n<tbody class=\"row-striping row-hover\">\n<tr class=\"row-2\">\n\t<td class=\"column-1\">1 a) Einsetzungsverfahren<\/td><td class=\"column-2\"><a href=\"https:\/\/youtu.be\/An-J__c_YbI\">Video (2:58 min)<\/a><\/td><td class=\"column-3\"><a href=\"https:\/\/youtu.be\/V4Sn6EX8M0A\">Video (1:51 min)<\/a><\/td>\n<\/tr>\n<tr class=\"row-3\">\n\t<td class=\"column-1\">1 b) Gleichsetzungsverfahren<\/td><td class=\"column-2\"><a href=\"https:\/\/youtu.be\/skRmi470H-c\">Video (1:50 min)<\/a><\/td><td class=\"column-3\"><a href=\"https:\/\/youtu.be\/leZ9fm-0BI4\">Video (2:41 min)<\/a><\/td>\n<\/tr>\n<tr class=\"row-4\">\n\t<td class=\"column-1\">1 c) Additionsverfahren<\/td><td class=\"column-2\"><a href=\"https:\/\/youtu.be\/XdxXCk9Krb8\">Video (3:14 min)<\/a><\/td><td class=\"column-3\"><a href=\"https:\/\/youtu.be\/QQ12vxLi8Hc\">Video (2:57 min)<\/a><\/td>\n<\/tr>\n<tr class=\"row-5\">\n\t<td class=\"column-1\">2.a) Verfahren selbst w\u00e4hlbar<\/td><td class=\"column-2\"><a href=\"https:\/\/youtu.be\/H5wOKy7qyz0\">Video (2:55 min)<\/a><\/td><td class=\"column-3\"><a href=\"https:\/\/youtu.be\/WsaFTmCPoK4\">Video (2:57 min)<\/a><\/td>\n<\/tr>\n<tr class=\"row-6\">\n\t<td class=\"column-1\">2.b) Verfahren selbst w\u00e4hlbar<\/td><td class=\"column-2\"><a href=\"https:\/\/youtu.be\/fODqTtL4hZ4\">Video (3:42 min)<\/a><\/td><td class=\"column-3\"><a href=\"https:\/\/youtu.be\/J6nUkvfsh-Y\">Video (3:23 min)<\/a><\/td>\n<\/tr>\n<\/tbody>\n<\/table>\n<!-- #tablepress-1 from cache --><\/li>\n\n\n\n<li><a rel=\"noreferrer noopener\" href=\"https:\/\/www.geogebra.org\/m\/xjhc9j5w\" target=\"_blank\">\u00dc Zahlenr\u00e4tsel<\/a> (Z\u00e4hler und Nenner ermitteln)<\/li>\n<\/ol>\n\n\n\n<p><strong>K\u00f6rper<\/strong><\/p>\n\n\n\n<ol class=\"wp-block-list\">\n<li><a rel=\"noreferrer noopener\" aria-label=\"K\u00f6rperberechnung Kreiszylinder (\u00f6ffnet in neuem Tab)\" href=\"https:\/\/www.geogebra.org\/m\/qkephmnm\" target=\"_blank\">K\u00f6rperberechnung Kreiszylinder<\/a><\/li>\n\n\n\n<li><a rel=\"noreferrer noopener\" href=\"https:\/\/www.geogebra.org\/m\/kgcrfmrj\" target=\"_blank\">K\u00f6rperberechnung Kreiskegel<\/a><\/li>\n\n\n\n<li><a rel=\"noreferrer noopener\" href=\"https:\/\/www.geogebra.org\/m\/jux4zedr\" target=\"_blank\">\u00dc Volumen eines Quaders<\/a><\/li>\n\n\n\n<li><a href=\"https:\/\/www.geogebra.org\/m\/z3u46dxt\">\u00dc W\u00fcrfel mit abges\u00e4gten Ecken<\/a><\/li>\n\n\n\n<li><a href=\"https:\/\/www.geogebra.org\/m\/wknedypn\">Merkmale von Prismen<\/a><\/li>\n\n\n\n<li><a href=\"https:\/\/www.geogebra.org\/m\/znttm4vc\">Berechnungen an Prismen<\/a><\/li>\n\n\n\n<li><a rel=\"noreferrer noopener\" aria-label=\"Netz einer vierseitigen Pyramide (\u00f6ffnet in neuem Tab)\" href=\"https:\/\/www.geogebra.org\/m\/SBNJbvsN\" target=\"_blank\">Netz einer vierseitigen Pyramide<\/a><\/li>\n\n\n\n<li><a href=\"https:\/\/youtu.be\/jSX-NgtcTeU\">Video: Berechnung (V, A<sub>O<\/sub>) einer geraden rechteckigen Pyramide<\/a><\/li>\n\n\n\n<li><a rel=\"noreferrer noopener\" aria-label=\"Berechnungen an einer rechteckigen Pyramide (\u00f6ffnet in neuem Tab)\" href=\"https:\/\/www.geogebra.org\/m\/mqzjgbjw\" target=\"_blank\">Berechnungen an einer rechteckigen Pyramide<\/a><\/li>\n\n\n\n<li><a rel=\"noreferrer noopener\" href=\"https:\/\/www.geogebra.org\/m\/w6nv3jaz\" target=\"_blank\">Erz\u00e4hl mir keine M\u00e4rchen&#8230;<\/a><\/li>\n<\/ol>\n\n\n\n<p><strong>Daten<\/strong><\/p>\n\n\n\n<ol class=\"wp-block-list\">\n<li><a rel=\"noreferrer noopener\" href=\"https:\/\/www.geogebra.org\/m\/e8jzvdvm\" target=\"_blank\">\u00dc Daten sammeln (W\u00f6rter merken)<\/a><\/li>\n\n\n\n<li><a href=\"https:\/\/www.geogebra.org\/m\/rpj4hfhk\">Nicht gelernt? Ankreuzen auf gut Gl\u00fcck! \ud83d\ude09<\/a><\/li>\n\n\n\n<li><a rel=\"noreferrer noopener\" aria-label=\"\u00dc Lage- und Streuparameter ermitteln (\u00f6ffnet in neuem Tab)\" href=\"https:\/\/www.geogebra.org\/m\/xakfegjg\" target=\"_blank\">\u00dc Lage- und Streuparameter ermitteln<\/a><\/li>\n\n\n\n<li><a rel=\"noreferrer noopener\" aria-label=\"\u00dc Boxplot (\u00f6ffnet in neuem Tab)\" href=\"https:\/\/www.geogebra.org\/m\/mqywsvau\" target=\"_blank\">\u00dc Boxplot<\/a><\/li>\n<\/ol>\n\n\n\n<p><strong>Quadratische Funktionen<\/strong><\/p>\n\n\n\n<details class=\"wp-block-details is-layout-flow wp-block-details-is-layout-flow\"><summary>Ben\u00f6tigtes Vorwissen:<\/summary>\n<p>Funktion, Funktionswert, Definitionsbereich, Wertebereich, Monotonie, Symmetrie, Nullstellen, Binomische Formeln, Quadratzahlen, Faktorisieren, Ausmultiplizieren<\/p>\n<\/details>\n\n\n\n<ol class=\"wp-block-list\">\n<li><a rel=\"noreferrer noopener\" aria-label=\"\u00dc Koordinaten von Punkten ablesen (\u00f6ffnet in neuem Tab)\" href=\"https:\/\/www.geogebra.org\/m\/gpkbzbqm\" target=\"_blank\">\u00dc Koordinaten von Punkten ablesen<\/a><\/li>\n\n\n\n<li><a rel=\"noreferrer noopener\" aria-label=\"Gestauchte und gestreckte Parabeln (\u00f6ffnet in neuem Tab)\" href=\"https:\/\/www.geogebra.org\/m\/pze7dfrs\" target=\"_blank\">Gestauchte und gestreckte Parabeln<\/a> (Einfluss des Parameters a)<\/li>\n\n\n\n<li><a rel=\"noreferrer noopener\" aria-label=\"Verschobene Normalparabeln I (\u00f6ffnet in neuem Tab)\" href=\"https:\/\/www.geogebra.org\/m\/rm4yvhmp\" target=\"_blank\">Verschobene Normalparabeln I<\/a> (Einfluss des Parameters d)<\/li>\n\n\n\n<li><a rel=\"noreferrer noopener\" aria-label=\"Verschobene Normalparabeln II (\u00f6ffnet in neuem Tab)\" href=\"https:\/\/www.geogebra.org\/m\/y4m2r6r7\" target=\"_blank\">Verschobene Normalparabeln II<\/a> (Einfluss des Parameters e)<\/li>\n\n\n\n<li><a href=\"https:\/\/www.geogebra.org\/m\/vkcmngpj\">Von der Parabel zur Funktionsgleichung<\/a><\/li>\n\n\n\n<li><a rel=\"noreferrer noopener\" aria-label=\"\u00dc Gleichung des Graphen ermitteln (\u00f6ffnet in neuem Tab)\" href=\"https:\/\/www.geogebra.org\/m\/vpqrxv7d\" target=\"_blank\">\u00dc Gleichung des Graphen ermitteln<\/a><\/li>\n\n\n\n<li><a rel=\"noreferrer noopener\" aria-label=\"Training Eigenschaften Funktion bzw. Graph (\u00f6ffnet in neuem Tab)\" href=\"https:\/\/www.geogebra.org\/m\/zpjgqrhz\" target=\"_blank\">Training Eigenschaften Funktion bzw. Graph<\/a><\/li>\n\n\n\n<li><a rel=\"noreferrer noopener\" href=\"https:\/\/www.geogebra.org\/m\/sxjzqrym\" target=\"_blank\">Training Umwandlung in die Scheitelpunktsform<\/a><br>(Schritt f\u00fcr Schritt)<\/li>\n\n\n\n<li><a href=\"https:\/\/www.geogebra.org\/m\/kjyahd9k\">Umwandlung Parabelgleichungen (Kopiervorlage)<\/a><\/li>\n\n\n\n<li><a href=\"https:\/\/www.geogebra.org\/m\/dpmzfqqq\">\u00dc Gleichung der Parabel aus S und P ermitteln<\/a><\/li>\n\n\n\n<li><a rel=\"noreferrer noopener\" aria-label=\"\u00dc Gleichung der Parabel aus drei Punkten berechnen (\u00f6ffnet in neuem Tab)\" href=\"https:\/\/www.geogebra.org\/m\/ty96pref\" target=\"_blank\">\u00dc Gleichung der Parabel aus drei Punkten berechnen<\/a><\/li>\n\n\n\n<li><a rel=\"noreferrer noopener\" aria-label=\"Extremwertaufgabe (\u00f6ffnet in neuem Tab)\" href=\"https:\/\/www.geogebra.org\/m\/xufruqj4\" target=\"_blank\">Extremwertaufgabe<\/a><br>(Kaninchengehege)<\/li>\n\n\n\n<li><a rel=\"noreferrer noopener\" aria-label=\"Extremwertaufgabe (\u00f6ffnet in neuem Tab)\" href=\"https:\/\/www.geogebra.org\/m\/hbwsumsb\" target=\"_blank\">Extremwertaufgabe<\/a><br>(Stadion)<\/li>\n<\/ol>\n\n\n\n<p><strong>Quadratische Gleichungen<\/strong><\/p>\n\n\n\n<ol class=\"wp-block-list\">\n<li><a rel=\"noreferrer noopener\" aria-label=\"Herleitung der L\u00f6sungsformel (\u00f6ffnet in neuem Tab)\" href=\"https:\/\/www.geogebra.org\/m\/cbz9axmq\" target=\"_blank\">Herleitung der L\u00f6sungsformel<\/a><\/li>\n\n\n\n<li><a rel=\"noreferrer noopener\" aria-label=\"Training L\u00f6sungsformel (\u00f6ffnet in neuem Tab)\" href=\"https:\/\/www.geogebra.org\/m\/wkgskewt\" target=\"_blank\">Training L\u00f6sungsformel<\/a> (Schritt f\u00fcr Schritt)<\/li>\n\n\n\n<li><a rel=\"noreferrer noopener\" aria-label=\"\u00dc L\u00f6sungsformel erkennen (\u00f6ffnet in neuem Tab)\" href=\"https:\/\/www.geogebra.org\/m\/epvt6uz2\" target=\"_blank\">\u00dc L\u00f6sungsformel erkennen<\/a><\/li>\n\n\n\n<li><a href=\"https:\/\/www.geogebra.org\/m\/kkbqcvvy\">\u00dc Quadratische Gleichungen (Kopiervorlage)<\/a><\/li>\n\n\n\n<li><a rel=\"noreferrer noopener\" aria-label=\"\u00dc Nullstellen quadratischer Funktionen berechnen (\u00f6ffnet in neuem Tab)\" href=\"https:\/\/www.geogebra.org\/m\/svdcssmj\" target=\"_blank\">\u00dc Nullstellen quadratischer Funktionen berechnen<\/a><\/li>\n\n\n\n<li><a rel=\"noreferrer noopener\" aria-label=\"\u00dc Schnittpunkte von Parabel und Gerade berechnen (\u00f6ffnet in neuem Tab)\" href=\"https:\/\/www.geogebra.org\/m\/ttnsddjb\" target=\"_blank\">\u00dc Schnittpunkte von Parabel und Gerade berechnen<\/a><\/li>\n\n\n\n<li><a href=\"https:\/\/www.geogebra.org\/m\/tzzbxknc\">Kopiervorlage Schnittpunkte von Parabel und Gerade<\/a><\/li>\n\n\n\n<li><a href=\"https:\/\/www.geogebra.org\/m\/eqartrtr\">\u00dc Biquadratische Gleichungen<\/a><\/li>\n<\/ol>\n\n\n\n<p><strong>Potenzfunktionen<\/strong><\/p>\n\n\n\n<ol class=\"wp-block-list\">\n<li><a rel=\"noreferrer noopener\" aria-label=\"Gemeinsamkeiten und Unterschiede erfassen (\u00f6ffnet in neuem Tab)\" href=\"https:\/\/www.geogebra.org\/m\/de59P6yq\" target=\"_blank\">Gemeinsamkeiten und Unterschiede erfassen<\/a><\/li>\n\n\n\n<li><a rel=\"noreferrer noopener\" aria-label=\"Parameter mithilfe des Graphen erfassen (\u00f6ffnet in neuem Tab)\" href=\"https:\/\/www.geogebra.org\/m\/Tb7H2Nfn\" target=\"_blank\">Parameter mithilfe des Graphen erfassen<\/a><\/li>\n\n\n\n<li><a href=\"https:\/\/www.geogebra.org\/m\/gzff9jb7\" target=\"_blank\" rel=\"noreferrer noopener\">\u00dc Eigenschaften der Potenzfunktionen bzw. ihrer Graphen<\/a><\/li>\n<\/ol>\n\n\n\n<p><strong>Umkehrfunktion<\/strong><\/p>\n\n\n\n<ol class=\"wp-block-list\">\n<li><a href=\"https:\/\/www.geogebra.org\/m\/xqc23nxt\" target=\"_blank\" rel=\"noreferrer noopener\">Umkehrfunktion der Quadratfunktion<\/a><\/li>\n<\/ol>\n<p>Views: 4491<\/p>","protected":false},"excerpt":{"rendered":"<p>Basiswissen 8 T\u00e4gliche \u00dcbungen Terme und Gleichungen Reelle Zahlen Lineare Gleichungssysteme K\u00f6rper Daten Quadratische Funktionen Quadratische Gleichungen Potenzfunktionen Umkehrfunktion Views: 4491<\/p>\n","protected":false},"author":1,"featured_media":0,"parent":48,"menu_order":9,"comment_status":"closed","ping_status":"closed","template":"","meta":{"footnotes":""},"class_list":["post-51","page","type-page","status-publish","hentry"],"_links":{"self":[{"href":"https:\/\/lemika.de\/index.php?rest_route=\/wp\/v2\/pages\/51","targetHints":{"allow":["GET"]}}],"collection":[{"href":"https:\/\/lemika.de\/index.php?rest_route=\/wp\/v2\/pages"}],"about":[{"href":"https:\/\/lemika.de\/index.php?rest_route=\/wp\/v2\/types\/page"}],"author":[{"embeddable":true,"href":"https:\/\/lemika.de\/index.php?rest_route=\/wp\/v2\/users\/1"}],"replies":[{"embeddable":true,"href":"https:\/\/lemika.de\/index.php?rest_route=%2Fwp%2Fv2%2Fcomments&post=51"}],"version-history":[{"count":85,"href":"https:\/\/lemika.de\/index.php?rest_route=\/wp\/v2\/pages\/51\/revisions"}],"predecessor-version":[{"id":2011,"href":"https:\/\/lemika.de\/index.php?rest_route=\/wp\/v2\/pages\/51\/revisions\/2011"}],"up":[{"embeddable":true,"href":"https:\/\/lemika.de\/index.php?rest_route=\/wp\/v2\/pages\/48"}],"wp:attachment":[{"href":"https:\/\/lemika.de\/index.php?rest_route=%2Fwp%2Fv2%2Fmedia&parent=51"}],"curies":[{"name":"wp","href":"https:\/\/api.w.org\/{rel}","templated":true}]}}