{"id":81,"date":"2020-02-19T18:06:15","date_gmt":"2020-02-19T18:06:15","guid":{"rendered":"http:\/\/hoeffler.org\/?page_id=81"},"modified":"2022-08-16T09:49:23","modified_gmt":"2022-08-16T09:49:23","slug":"ma-6","status":"publish","type":"page","link":"https:\/\/lemika.de\/?page_id=81","title":{"rendered":"Ma 6"},"content":{"rendered":"\n<p><strong>Primzahlen<\/strong><\/p>\n\n\n\n<ol class=\"wp-block-list\"><li><a rel=\"noreferrer noopener\" aria-label=\"Sieb des Erathostenes (\u00f6ffnet in neuem Tab)\" href=\"https:\/\/www.geogebra.org\/m\/wqrryk6f\" target=\"_blank\">Sieb des Erathostenes<\/a><br>(Verfahren zur Primzahlermittlung bis 100)<\/li><\/ol>\n\n\n\n<p><strong>Vorwissen zur Bruchrechnung<\/strong><\/p>\n\n\n\n<ol class=\"wp-block-list\"><li><a rel=\"noreferrer noopener\" href=\"https:\/\/www.geogebra.org\/m\/dg32ernq\" target=\"_blank\">Training der Teilbarkeitsregeln<\/a><\/li><li><a rel=\"noreferrer noopener\" href=\"https:\/\/www.geogebra.org\/m\/wbrwcns4\" target=\"_blank\">\u00dc Teilbarkeitsregeln<\/a> (Kopiervorlage)<\/li><li><a href=\"https:\/\/www.geogebra.org\/m\/rp82pkmh\">Anzahl der Teiler bestimmen<\/a><\/li><li><a rel=\"noreferrer noopener\" aria-label=\"Training Primfaktorenzerlegung (\u00f6ffnet in neuem Tab)\" href=\"https:\/\/www.geogebra.org\/m\/dg7dd4xd\" target=\"_blank\">Training Primfaktorenzerlegung<\/a><\/li><li><a rel=\"noreferrer noopener\" href=\"https:\/\/www.geogebra.org\/m\/vwtc8emb\" target=\"_blank\">\u00dc kleinstes gemeinsames Vielfaches (kgV) bestimmen<\/a> mithilfe der Primfaktorenzerlegung<\/li><li><a href=\"https:\/\/www.geogebra.org\/m\/hnhtku6d\">\u00dc gr\u00f6\u00dften gemeinsamen Teiler (ggT) bestimmen<\/a> mithilfe der Primfaktorenzerlegung<\/li><li><a href=\"https:\/\/www.geogebra.org\/m\/frpatkma\">\u00dc gr\u00f6\u00dften gemeinsamen Teiler (ggT) bestimmen<\/a> (Euklidischer Algorithmus)<\/li><li><a rel=\"noreferrer noopener\" href=\"https:\/\/www.geogebra.org\/m\/fzww6qgg\" target=\"_blank\">\u00dc K\u00fcrzen und Erweitern<\/a><\/li><\/ol>\n\n\n\n<p><strong>Bruchrechnung<\/strong><\/p>\n\n\n\n<ol class=\"wp-block-list\"><li><a rel=\"noreferrer noopener\" href=\"https:\/\/www.geogebra.org\/m\/w3taaegb\" target=\"_blank\">Addition und Subtraktion von Br\u00fcchen<\/a> (Kopiervorlage, Level w\u00e4hlbar, Anzahl Aufgaben w\u00e4hlbar)<ol><li><a rel=\"noreferrer noopener\" aria-label=\"Addition von Br\u00fcchen (\u00f6ffnet in neuem Tab)\" href=\"https:\/\/www.geogebra.org\/m\/ssbwvtsu\" target=\"_blank\">Addition von Br\u00fcchen<\/a> (Anleitung Schritt f\u00fcr Schritt)<\/li><li><a rel=\"noreferrer noopener\" aria-label=\"Subtraktion von Br\u00fcchen (\u00f6ffnet in neuem Tab)\" href=\"https:\/\/www.geogebra.org\/m\/gsh7tfnf\" target=\"_blank\">Subtraktion von Br\u00fcchen<\/a> (Anleitung Schritt f\u00fcr Schritt)<\/li><\/ol><\/li><li><a rel=\"noreferrer noopener\" href=\"https:\/\/www.geogebra.org\/m\/t7fjwwsu\" target=\"_blank\">\u00dc Multiplikation von Br\u00fcchen<\/a><\/li><li><a rel=\"noreferrer noopener\" href=\"https:\/\/www.geogebra.org\/m\/ck6jed7a\" target=\"_blank\">\u00dc Division von Br\u00fcchen<\/a><ol><li><a rel=\"noreferrer noopener\" aria-label=\"Multiplikation von Br\u00fcchen (\u00f6ffnet in neuem Tab)\" href=\"https:\/\/www.geogebra.org\/m\/py6ckwjb\" target=\"_blank\">Multiplikation von Br\u00fcchen<\/a> (Anleitung Schritt f\u00fcr Schritt)<\/li><li><a rel=\"noreferrer noopener\" aria-label=\"Division von Br\u00fcchen (\u00f6ffnet in neuem Tab)\" href=\"https:\/\/www.geogebra.org\/m\/cyu6gfae\" target=\"_blank\">Division von Br\u00fcchen<\/a> (Anleitung Schritt f\u00fcr Schritt)<\/li><\/ol><\/li><\/ol>\n<p>Views: 1626<\/p>","protected":false},"excerpt":{"rendered":"<p>Primzahlen Sieb des Erathostenes(Verfahren zur Primzahlermittlung bis 100) Vorwissen zur Bruchrechnung Training der Teilbarkeitsregeln \u00dc Teilbarkeitsregeln (Kopiervorlage) Anzahl der Teiler bestimmen Training Primfaktorenzerlegung \u00dc kleinstes gemeinsames Vielfaches (kgV) bestimmen mithilfe der Primfaktorenzerlegung \u00dc gr\u00f6\u00dften gemeinsamen Teiler (ggT) bestimmen mithilfe der<\/p>\n","protected":false},"author":1,"featured_media":0,"parent":48,"menu_order":6,"comment_status":"closed","ping_status":"closed","template":"","meta":{"footnotes":""},"class_list":["post-81","page","type-page","status-publish","hentry"],"_links":{"self":[{"href":"https:\/\/lemika.de\/index.php?rest_route=\/wp\/v2\/pages\/81","targetHints":{"allow":["GET"]}}],"collection":[{"href":"https:\/\/lemika.de\/index.php?rest_route=\/wp\/v2\/pages"}],"about":[{"href":"https:\/\/lemika.de\/index.php?rest_route=\/wp\/v2\/types\/page"}],"author":[{"embeddable":true,"href":"https:\/\/lemika.de\/index.php?rest_route=\/wp\/v2\/users\/1"}],"replies":[{"embeddable":true,"href":"https:\/\/lemika.de\/index.php?rest_route=%2Fwp%2Fv2%2Fcomments&post=81"}],"version-history":[{"count":27,"href":"https:\/\/lemika.de\/index.php?rest_route=\/wp\/v2\/pages\/81\/revisions"}],"predecessor-version":[{"id":1409,"href":"https:\/\/lemika.de\/index.php?rest_route=\/wp\/v2\/pages\/81\/revisions\/1409"}],"up":[{"embeddable":true,"href":"https:\/\/lemika.de\/index.php?rest_route=\/wp\/v2\/pages\/48"}],"wp:attachment":[{"href":"https:\/\/lemika.de\/index.php?rest_route=%2Fwp%2Fv2%2Fmedia&parent=81"}],"curies":[{"name":"wp","href":"https:\/\/api.w.org\/{rel}","templated":true}]}}