{"id":92,"date":"2020-02-19T18:25:06","date_gmt":"2020-02-19T18:25:06","guid":{"rendered":"http:\/\/hoeffler.org\/?page_id=92"},"modified":"2025-12-28T09:21:22","modified_gmt":"2025-12-28T09:21:22","slug":"ma-7","status":"publish","type":"page","link":"https:\/\/lemika.de\/?page_id=92","title":{"rendered":"Ma 7"},"content":{"rendered":"\n<p><strong>T\u00e4gliche \u00dcbungen<\/strong><\/p>\n\n\n\n<ol class=\"wp-block-list\">\n<li><a rel=\"noreferrer noopener\" href=\"https:\/\/www.geogebra.org\/m\/zgzs5hym\" target=\"_blank\">T\u00dc 07_01<\/a><\/li>\n\n\n\n<li><a rel=\"noreferrer noopener\" href=\"https:\/\/www.geogebra.org\/m\/yffqajbh\" target=\"_blank\">T\u00dc 07_02<\/a><\/li>\n\n\n\n<li><a rel=\"noreferrer noopener\" href=\"https:\/\/www.geogebra.org\/m\/una9cdcq\" target=\"_blank\">T\u00dc 07_03<\/a><\/li>\n\n\n\n<li><a rel=\"noreferrer noopener\" href=\"https:\/\/www.geogebra.org\/m\/rx93b2xx\" target=\"_blank\">T\u00dc 07_04<\/a><\/li>\n\n\n\n<li><a rel=\"noreferrer noopener\" href=\"https:\/\/www.geogebra.org\/m\/npuq9ddn\" target=\"_blank\">T\u00dc 07_05<\/a><\/li>\n\n\n\n<li><a rel=\"noreferrer noopener\" href=\"https:\/\/www.geogebra.org\/m\/nnamayex\" target=\"_blank\">T\u00dc 07_06<\/a><\/li>\n\n\n\n<li><a rel=\"noreferrer noopener\" href=\"https:\/\/www.geogebra.org\/m\/gaz65gne\" target=\"_blank\">T\u00dc 07_07<\/a><\/li>\n\n\n\n<li><a rel=\"noreferrer noopener\" href=\"https:\/\/www.geogebra.org\/m\/gaz65gne\" target=\"_blank\">T\u00dc 07_08<\/a><\/li>\n<\/ol>\n\n\n\n<p><strong>Rationale Zahlen<\/strong><\/p>\n\n\n\n<ol class=\"wp-block-list\">\n<li><a rel=\"noreferrer noopener\" href=\"https:\/\/www.geogebra.org\/m\/mmwraatc\" target=\"_blank\">\u00dc Betrag und Gegenzahl<\/a><\/li>\n\n\n\n<li><a rel=\"noreferrer noopener\" href=\"https:\/\/www.geogebra.org\/m\/vncmf9an\" target=\"_blank\">\u00dc Ablesen auf dem Zahlenstrahl<\/a><\/li>\n\n\n\n<li><a rel=\"noreferrer noopener\" href=\"https:\/\/www.geogebra.org\/m\/ppayqvnp\" target=\"_blank\">\u00dc Punkt im Koordinatensystem<\/a><\/li>\n\n\n\n<li><a rel=\"noreferrer noopener\" aria-label=\"\u00dcberblick Zahlenbereiche (\u00f6ffnet in neuem Tab)\" href=\"https:\/\/www.geogebra.org\/m\/fxzyu6ez\" target=\"_blank\">\u00dcberblick Zahlenbereiche<\/a><\/li>\n\n\n\n<li><a rel=\"noreferrer noopener\" aria-label=\"Training Zahlenbereiche (\u00f6ffnet in neuem Tab)\" href=\"https:\/\/www.geogebra.org\/m\/ug3cjx5w\" target=\"_blank\">Training Zahlenbereiche<\/a><\/li>\n\n\n\n<li><a href=\"https:\/\/www.geogebra.org\/m\/jrz6ujmq\">\u00dc Ordnen ganzer Zahlen<\/a><\/li>\n\n\n\n<li><a href=\"https:\/\/www.geogebra.org\/m\/wjzquhtc\">Vergleichen rationaler Zahlen<\/a><\/li>\n\n\n\n<li><a rel=\"noreferrer noopener\" aria-label=\"Umwandlung periodischer Dezimalbr\u00fcche in gemeine Br\u00fcche (\u00f6ffnet in neuem Tab)\" href=\"https:\/\/www.geogebra.org\/m\/gxqyk6vh\" target=\"_blank\">Umwandlung periodischer Dezimalbr\u00fcche in gemeine Br\u00fcche<\/a> <\/li>\n<\/ol>\n\n\n\n<p><strong>Rechnen mit rationalen Zahlen<\/strong><\/p>\n\n\n\n<ol class=\"wp-block-list\">\n<li><a rel=\"noreferrer noopener\" href=\"https:\/\/youtu.be\/OGFNFNWv18g\" target=\"_blank\">Video: Zusammenfassen rationaler Zahlen (3:45 min)<\/a><\/li>\n\n\n\n<li><a rel=\"noreferrer noopener\" href=\"https:\/\/www.geogebra.org\/m\/ewryhu6g\" target=\"_blank\">\u00dc Zusammenfassen rationaler Zahlen (Multiple-Choice, 02:00 min)<\/a><\/li>\n\n\n\n<li><a rel=\"noreferrer noopener\" href=\"https:\/\/www.geogebra.org\/m\/aw8vc7tj\" target=\"_blank\">\u00dc Zusammenfassen zweier ganzer Zahlen<\/a><\/li>\n\n\n\n<li><a rel=\"noreferrer noopener\" href=\"https:\/\/www.geogebra.org\/m\/s5q6qtwb\" target=\"_blank\">\u00dc Zusammenfassen mehrerer ganzer Zahlen<\/a><\/li>\n\n\n\n<li><a rel=\"noreferrer noopener\" href=\"https:\/\/www.geogebra.org\/m\/zt7khqsr\" target=\"_blank\">Addieren und Subtrahieren ganzer Zahlen<\/a> (Schritt f\u00fcr Schritt)\n<ol class=\"wp-block-list\">\n<li><a href=\"https:\/\/www.geogebra.org\/m\/pmydeyek\">\u00dc Addieren und Subtrahieren zweier ganzer Zahlen<\/a><\/li>\n<\/ol>\n<\/li>\n\n\n\n<li><a rel=\"noreferrer noopener\" aria-label=\"Multiplizieren und Dividieren ganzer Zahlen (\u00f6ffnet in neuem Tab)\" href=\"https:\/\/www.geogebra.org\/m\/z5xaqgcg\" target=\"_blank\">Multiplizieren und Dividieren ganzer Zahlen<\/a> (Schritt f\u00fcr Schritt)\n<ol class=\"wp-block-list\">\n<li><a rel=\"noreferrer noopener\" href=\"https:\/\/www.geogebra.org\/m\/k4sfxqqz\" target=\"_blank\">\u00dc Multiplizieren zweier ganzer Zahlen<\/a><\/li>\n\n\n\n<li><a rel=\"noreferrer noopener\" href=\"https:\/\/www.geogebra.org\/m\/hgz4pj4e\" target=\"_blank\">\u00dc Multiplizieren mehrerer ganzer Zahlen<\/a><\/li>\n\n\n\n<li><a rel=\"noreferrer noopener\" href=\"https:\/\/www.geogebra.org\/m\/udqmxkrv\" target=\"_blank\">\u00dc Dividieren ganzer Zahlen<\/a><\/li>\n<\/ol>\n<\/li>\n\n\n\n<li><a href=\"https:\/\/www.geogebra.org\/m\/yafn3ac7\">Fingermultiplikation zweistelliger Zahlen<\/a><\/li>\n<\/ol>\n\n\n\n<p><strong>Arbeiten mit Termen<\/strong><\/p>\n\n\n\n<ol class=\"wp-block-list\">\n<li><a href=\"https:\/\/www.geogebra.org\/m\/ahduqn7f\" target=\"_blank\" rel=\"noreferrer noopener\">\u00dc Termwertberechnung<\/a><\/li>\n\n\n\n<li><a rel=\"noreferrer noopener\" aria-label=\"Ausmultiplizieren (\u00f6ffnet in neuem Tab)\" href=\"https:\/\/www.geogebra.org\/m\/bsbrnhyk\" target=\"_blank\">Ausmultiplizieren<\/a><\/li>\n<\/ol>\n\n\n\n<p><strong>Gleichungen l\u00f6sen<\/strong><\/p>\n\n\n\n<ol class=\"wp-block-list\">\n<li><a href=\"https:\/\/youtu.be\/i75dRC3iMdU\">Video: L\u00f6sen von Gleichungen (Level I)<\/a>\n<ol class=\"wp-block-list\">\n<li><a href=\"https:\/\/www.geogebra.org\/m\/mquecrq6\">\u00dc L\u00f6sen von Gleichungen<\/a> (Level I)<\/li>\n<\/ol>\n<\/li>\n\n\n\n<li><a href=\"https:\/\/youtu.be\/sxHO1fC5r5E\">Video: L\u00f6sen von Gleichungen (Level II)<\/a>\n<ol class=\"wp-block-list\">\n<li><a href=\"https:\/\/www.geogebra.org\/m\/qdmg5ehg\">\u00dc L\u00f6sen von Gleichungen<\/a> (Level II)<\/li>\n<\/ol>\n<\/li>\n\n\n\n<li><a href=\"https:\/\/youtu.be\/jB4ghzV2Qp8\">Video: L\u00f6sen von Gleichungen (Level III)<\/a>\n<ol class=\"wp-block-list\">\n<li><a href=\"https:\/\/www.geogebra.org\/m\/uazetnhn\">\u00dc L\u00f6sen von Gleichungen<\/a> (Level III)<\/li>\n<\/ol>\n<\/li>\n\n\n\n<li><a rel=\"noreferrer noopener\" href=\"https:\/\/youtu.be\/Zd3WkkyBLAM\" target=\"_blank\">Video: L\u00f6sen von Gleichungen (Level IV)<\/a><\/li>\n\n\n\n<li><a href=\"https:\/\/youtu.be\/B93iKhrurmU\" target=\"_blank\" rel=\"noreferrer noopener\">Video: L\u00f6sen von Gleichungen (Level IV, auch mit Br\u00fcchen)<\/a><\/li>\n\n\n\n<li><a rel=\"noreferrer noopener\" aria-label=\"L\u00f6sen von Betragsgleichungen (\u00f6ffnet in neuem Tab)\" href=\"https:\/\/www.geogebra.org\/m\/e9ppbgv2\" target=\"_blank\">L\u00f6sen von Betragsgleichungen<\/a><\/li>\n\n\n\n<li><a href=\"https:\/\/www.geogebra.org\/m\/k3aaxza2\">Anwendungsaufgabe<\/a><\/li>\n<\/ol>\n\n\n\n<p><strong>Ungleichungen l\u00f6sen<\/strong><\/p>\n\n\n\n<ol class=\"wp-block-list\">\n<li><a href=\"https:\/\/www.geogebra.org\/m\/ruretwd7\" target=\"_blank\" rel=\"noreferrer noopener\">L\u00f6sungsmenge von Ungleichungen<\/a><\/li>\n<\/ol>\n\n\n\n<p><strong>Proportionale Zuordnungen<\/strong><\/p>\n\n\n\n<ol class=\"wp-block-list\">\n<li><a rel=\"noreferrer noopener\" href=\"https:\/\/www.geogebra.org\/m\/amuztzpx\" target=\"_blank\">\u00dc Proportionale Zuordnungen erkennen<\/a><\/li>\n\n\n\n<li><a href=\"https:\/\/www.geogebra.org\/m\/xtcpfcpz\" target=\"_blank\" rel=\"noreferrer noopener\">\u00dc Tabellen erg\u00e4nzen<\/a><\/li>\n<\/ol>\n\n\n\n<p><strong>Prozentrechnung<\/strong><\/p>\n\n\n\n<ol class=\"wp-block-list\">\n<li><a rel=\"noreferrer noopener\" href=\"https:\/\/www.geogebra.org\/m\/d3dhjfzs\" target=\"_blank\">\u00dc Prozentbegriff<\/a><\/li>\n\n\n\n<li><a rel=\"noreferrer noopener\" href=\"https:\/\/www.geogebra.org\/m\/kwh3vzyq\" target=\"_blank\">\u00dc Zusammenhang von G, W und p <\/a><\/li>\n\n\n\n<li><a rel=\"noreferrer noopener\" aria-label=\"\u00dc Anteile im Kreis (\u00f6ffnet in neuem Tab)\" href=\"https:\/\/www.geogebra.org\/m\/dPYv3YYp\" target=\"_blank\">\u00dc Anteile im Kreis<\/a><\/li>\n\n\n\n<li><a rel=\"noreferrer noopener\" aria-label=\"Prozentuale Anteile im Kreisdiagramm (\u00f6ffnet in neuem Tab)\" href=\"https:\/\/www.geogebra.org\/m\/m6K4zD85\" target=\"_blank\">Prozentuale Anteile im Kreisdiagramm<\/a><\/li>\n\n\n\n<li><a rel=\"noreferrer noopener\" href=\"https:\/\/www.geogebra.org\/m\/qysxutff\" target=\"_blank\">\u00dc Streifendiagramm<\/a><\/li>\n\n\n\n<li><a rel=\"noreferrer noopener\" href=\"https:\/\/www.geogebra.org\/m\/dxcupbjg\" target=\"_blank\">\u00dc Streifendiagramm einstellen<\/a><\/li>\n\n\n\n<li><a rel=\"noreferrer noopener\" aria-label=\"\u00dc Kreisdiagramm auswerten (\u00f6ffnet in neuem Tab)\" href=\"https:\/\/www.geogebra.org\/m\/qsjjn8yk\" target=\"_blank\">\u00dc Kreisdiagramm auswerten<\/a><\/li>\n\n\n\n<li><a href=\"https:\/\/www.geogebra.org\/m\/bg9gdd4a\" target=\"_blank\" rel=\"noreferrer noopener\">Entwicklung Zinseszins<\/a><\/li>\n<\/ol>\n\n\n\n<p><strong>Berechnungen ebener Figuren<\/strong><\/p>\n\n\n\n<ol class=\"wp-block-list\">\n<li><a rel=\"noreferrer noopener\" aria-label=\"Parallelogramm (\u00f6ffnet in neuem Tab)\" href=\"https:\/\/www.geogebra.org\/m\/BYRhnJ2B\" target=\"_blank\">Parallelogramm<\/a><\/li>\n\n\n\n<li><a rel=\"noreferrer noopener\" aria-label=\"Fl\u00e4cheninhalt eines beliebigen Dreiecks (\u00f6ffnet in neuem Tab)\" href=\"https:\/\/www.geogebra.org\/m\/DJU8wkMY\" target=\"_blank\">beliebiges Dreieck<\/a><\/li>\n\n\n\n<li><a href=\"https:\/\/www.geogebra.org\/m\/swtutefj\">\u00dc Umfang und Fl\u00e4cheninhalt eines Dreiecks ermitteln<\/a><\/li>\n\n\n\n<li><a rel=\"noreferrer noopener\" aria-label=\"Fl\u00e4cheninhalt Trapez I (\u00f6ffnet in neuem Tab)\" href=\"https:\/\/www.geogebra.org\/m\/jpbyqn6m\" target=\"_blank\">Trapez I<\/a><\/li>\n\n\n\n<li><a rel=\"noreferrer noopener\" aria-label=\"Trapez II (\u00f6ffnet in neuem Tab)\" href=\"https:\/\/www.geogebra.org\/m\/dmut6pnx\" target=\"_blank\">Trapez II<\/a><\/li>\n\n\n\n<li><a href=\"https:\/\/www.geogebra.org\/m\/ezjngruf\" target=\"_blank\" rel=\"noreferrer noopener\">\u00dc Umfang und Fl\u00e4cheninhalt von Vierecken ermitteln<\/a><\/li>\n\n\n\n<li><a href=\"https:\/\/www.geogebra.org\/m\/kzqzbjvm\">Umfang der Kochkurve<\/a><\/li>\n<\/ol>\n\n\n\n<p><strong>Kongruenz<\/strong><\/p>\n\n\n\n<ol class=\"wp-block-list\">\n<li><a rel=\"noreferrer noopener\" href=\"https:\/\/youtu.be\/KPjg0Hj4VqM\" target=\"_blank\">Video: Dreieckskonstruktionen<\/a><\/li>\n\n\n\n<li><a rel=\"noreferrer noopener\" aria-label=\"Konstruierbarkeit von Dreiecken (\u00f6ffnet in neuem Tab)\" href=\"https:\/\/www.geogebra.org\/m\/CpAQhzNk\" target=\"_blank\">Konstruierbarkeit von Dreiecken<\/a> (Kongruenzs\u00e4tze)<\/li>\n\n\n\n<li>Video <a rel=\"noreferrer noopener\" href=\"https:\/\/youtu.be\/FIHWuk5QFtM\" target=\"_blank\">GeoGebra-Anleitung: Schnittpunkt der Mittelsenkrechten<\/a> im Dreieck (Mittelpunkt des Umkreises)<\/li>\n\n\n\n<li>Video <a rel=\"noreferrer noopener\" href=\"https:\/\/youtu.be\/hyUN3eBy-ok\" target=\"_blank\">GeoGebra-Anleitung: Schnittpunkt der H\u00f6hen im Dreieck<\/a><\/li>\n\n\n\n<li>Video <a rel=\"noreferrer noopener\" href=\"https:\/\/youtu.be\/fSDIdw3HAOE\" target=\"_blank\">GeoGebra-Anleitung: Schnittpunkt der Seitenhalbierenden im Dreieck<\/a> (Schwerpunkt des Dreiecks)<\/li>\n\n\n\n<li><a rel=\"noreferrer noopener\" href=\"https:\/\/www.geogebra.org\/m\/cazyakdk\" target=\"_blank\">Besondere Linien im Dreieck<\/a> (Eulersche Gerade)<\/li>\n\n\n\n<li><a href=\"https:\/\/www.geogebra.org\/m\/hynhhypq\" target=\"_blank\" rel=\"noreferrer noopener\">Druckvorlage Kongruenzabbildungen<\/a><\/li>\n\n\n\n<li><a rel=\"noreferrer noopener\" href=\"https:\/\/www.geogebra.org\/m\/zwg8msxt\" target=\"_blank\">Kongruenzabbildung (Parallelverschiebung)<\/a><\/li>\n\n\n\n<li><a rel=\"noreferrer noopener\" href=\"https:\/\/www.geogebra.org\/m\/xngcgsfa\" target=\"_blank\">Kongruenzabbildung (Drehung)<\/a><\/li>\n\n\n\n<li><a rel=\"noreferrer noopener\" href=\"https:\/\/www.geogebra.org\/m\/k6a9aytj\" target=\"_blank\">\u00dc Drehzentrum Z ermitteln<\/a><\/li>\n<\/ol>\n\n\n\n<p><strong>\u00c4hnlichkeit<\/strong><\/p>\n\n\n\n<ol class=\"wp-block-list\">\n<li><a rel=\"noreferrer noopener\" href=\"https:\/\/www.geogebra.org\/m\/zbhkr7gj\" target=\"_blank\">Zentrische Streckung<\/a><\/li>\n\n\n\n<li><a rel=\"noreferrer noopener\" href=\"https:\/\/www.geogebra.org\/m\/raemxg9f\" target=\"_blank\">\u00dc Streckzentrum, Streckungsfaktor und Ma\u00dfstab ermitteln<\/a><\/li>\n\n\n\n<li><a href=\"https:\/\/www.geogebra.org\/m\/qb23bzwc\" target=\"_blank\" rel=\"noreferrer noopener\">\u00dc 1. Strahlensatz<\/a><\/li>\n<\/ol>\n\n\n\n<p><strong>Kreis<\/strong><\/p>\n\n\n\n<ol class=\"wp-block-list\">\n<li><a rel=\"noreferrer noopener\" aria-label=\"Satz des Thales (\u00f6ffnet in neuem Tab)\" href=\"https:\/\/www.geogebra.org\/m\/NbwzkqFb\" target=\"_blank\">Satz des Thales<\/a> (mit Begr\u00fcndung)<\/li>\n\n\n\n<li><a href=\"https:\/\/youtu.be\/3dLwcobywmM\" target=\"_blank\" rel=\"noreferrer noopener\">Video GeoGebra-Anleitung: Satz des Thales<\/a><\/li>\n\n\n\n<li><a rel=\"noreferrer noopener\" href=\"https:\/\/www.geogebra.org\/m\/jrawrj9r\" target=\"_blank\">Peripheriewinkelsatz<\/a><\/li>\n\n\n\n<li><a rel=\"noreferrer noopener\" href=\"https:\/\/www.geogebra.org\/m\/mbv7rze6\" target=\"_blank\">Zentriwinkel-Peripheriewinkel-Satz<\/a><\/li>\n\n\n\n<li><a rel=\"noreferrer noopener\" aria-label=\"Kreis abrollen (\u00f6ffnet in neuem Tab)\" href=\"https:\/\/www.geogebra.org\/m\/Q8Bs4dRC\" target=\"_blank\">Kreis abrollen<\/a> (Umfang)<\/li>\n\n\n\n<li><a href=\"https:\/\/www.geogebra.org\/m\/nzpa582r\">Fl\u00e4cheninhalt Kreis<\/a><\/li>\n\n\n\n<li><a rel=\"noreferrer noopener\" aria-label=\"\u00dc Kreisberechnung (\u00f6ffnet in neuem Tab)\" href=\"https:\/\/www.geogebra.org\/m\/MSsxfHwM\" target=\"_blank\">\u00dc Kreisberechnung<\/a><\/li>\n\n\n\n<li><a href=\"https:\/\/www.geogebra.org\/m\/brufjzwr\">\u00dc Kreissektor (Bogenl\u00e4nge und Fl\u00e4cheninhalt)<\/a><\/li>\n\n\n\n<li><a rel=\"noreferrer noopener\" aria-label=\"Sehnenviereck (\u00f6ffnet in neuem Tab)\" href=\"https:\/\/www.geogebra.org\/m\/kd8QaeFw\" target=\"_blank\">Sehnenviereck<\/a><\/li>\n\n\n\n<li><a href=\"https:\/\/www.geogebra.org\/m\/cgwzf7r4\">Netz eines geraden Kreiszylinders<\/a><\/li>\n<\/ol>\n\n\n\n<p><\/p>\n\n\n\n<p><\/p>\n<p>Views: 3670<\/p>","protected":false},"excerpt":{"rendered":"<p>T\u00e4gliche \u00dcbungen Rationale Zahlen Rechnen mit rationalen Zahlen Arbeiten mit Termen Gleichungen l\u00f6sen Ungleichungen l\u00f6sen Proportionale Zuordnungen Prozentrechnung Berechnungen ebener Figuren Kongruenz \u00c4hnlichkeit Kreis Views: 3670<\/p>\n","protected":false},"author":1,"featured_media":0,"parent":48,"menu_order":7,"comment_status":"closed","ping_status":"closed","template":"","meta":{"footnotes":""},"class_list":["post-92","page","type-page","status-publish","hentry"],"_links":{"self":[{"href":"https:\/\/lemika.de\/index.php?rest_route=\/wp\/v2\/pages\/92","targetHints":{"allow":["GET"]}}],"collection":[{"href":"https:\/\/lemika.de\/index.php?rest_route=\/wp\/v2\/pages"}],"about":[{"href":"https:\/\/lemika.de\/index.php?rest_route=\/wp\/v2\/types\/page"}],"author":[{"embeddable":true,"href":"https:\/\/lemika.de\/index.php?rest_route=\/wp\/v2\/users\/1"}],"replies":[{"embeddable":true,"href":"https:\/\/lemika.de\/index.php?rest_route=%2Fwp%2Fv2%2Fcomments&post=92"}],"version-history":[{"count":116,"href":"https:\/\/lemika.de\/index.php?rest_route=\/wp\/v2\/pages\/92\/revisions"}],"predecessor-version":[{"id":2166,"href":"https:\/\/lemika.de\/index.php?rest_route=\/wp\/v2\/pages\/92\/revisions\/2166"}],"up":[{"embeddable":true,"href":"https:\/\/lemika.de\/index.php?rest_route=\/wp\/v2\/pages\/48"}],"wp:attachment":[{"href":"https:\/\/lemika.de\/index.php?rest_route=%2Fwp%2Fv2%2Fmedia&parent=92"}],"curies":[{"name":"wp","href":"https:\/\/api.w.org\/{rel}","templated":true}]}}